{"id":277,"date":"2017-01-27T22:06:24","date_gmt":"2017-01-28T01:06:24","guid":{"rendered":"http:\/\/www.cinep.pb.gov.br\/portal\/?page_id=277"},"modified":"2019-04-23T15:35:15","modified_gmt":"2019-04-23T18:35:15","slug":"infra-estrutura","status":"publish","type":"page","link":"https:\/\/www.cinep.pb.gov.br\/portal\/?page_id=277","title":{"rendered":"Infraestrutura"},"content":{"rendered":"<p><strong>&#8211;<\/strong>\u00a0Nos \u00faltimos anos, foram investidos mais de R$ 1,5 bilh\u00e3o para construir ou reformar aproximadamente 2,6 mil quil\u00f4metros de estradas, garantindo que todas as cidades do Estado estejam interligadas com asfalto. As obras no setor de infraestrutura continuam.<\/p>\n<p><strong>&#8211;<\/strong>\u00a0A Para\u00edba\u00a0j\u00e1 recebe as \u00e1guas do Rio S\u00e3o Francisco, e o Governo do Estado promoveu R$ 1,4 bilh\u00e3o em investimentos para construir 1,3 mil quil\u00f4metros de novas adutoras e o Canal Acau\u00e3-Ara\u00e7agi. \u00a0As obras garantem seguran\u00e7a h\u00eddrica para todas as regi\u00f5es do estado.<\/p>\n<p><img loading=\"lazy\" decoding=\"async\" class=\"alignnone size-full wp-image-4150\" src=\"https:\/\/www.cinep.pb.gov.br\/portal\/wp-content\/uploads\/2019\/04\/t.jpg\" alt=\"\" width=\"1024\" height=\"682\" srcset=\"https:\/\/www.cinep.pb.gov.br\/portal\/wp-content\/uploads\/2019\/04\/t.jpg 1024w, https:\/\/www.cinep.pb.gov.br\/portal\/wp-content\/uploads\/2019\/04\/t-300x200.jpg 300w, https:\/\/www.cinep.pb.gov.br\/portal\/wp-content\/uploads\/2019\/04\/t-768x512.jpg 768w, https:\/\/www.cinep.pb.gov.br\/portal\/wp-content\/uploads\/2019\/04\/t-600x400.jpg 600w, https:\/\/www.cinep.pb.gov.br\/portal\/wp-content\/uploads\/2019\/04\/t-272x182.jpg 272w\" sizes=\"auto, (max-width: 1024px) 100vw, 1024px\" \/><\/p>\n<p>&#8211; Mais de 3 mil quil\u00f4metros de cabeamento \u00f3tico em implanta\u00e7\u00e3o para interligar todas as regi\u00f5es do estado, melhorando a capacidade de transmiss\u00e3o de dados.<\/p>\n<p>&#8211; O estado possui ampla voca\u00e7\u00e3o para instala\u00e7\u00e3o de empreendimentos ligados \u00e0 \u00e1rea de energias limpas, como e\u00f3lica e solar, uma vez que a Para\u00edba possui o maior \u00edndice solarim\u00e9trico do Brasil.<\/p>\n<p><img loading=\"lazy\" decoding=\"async\" class=\"alignnone size-full wp-image-4141\" src=\"https:\/\/www.cinep.pb.gov.br\/portal\/wp-content\/uploads\/2019\/04\/ENERGIA-SOLAR.png\" alt=\"\" width=\"1076\" height=\"418\" srcset=\"https:\/\/www.cinep.pb.gov.br\/portal\/wp-content\/uploads\/2019\/04\/ENERGIA-SOLAR.png 1076w, https:\/\/www.cinep.pb.gov.br\/portal\/wp-content\/uploads\/2019\/04\/ENERGIA-SOLAR-300x117.png 300w, https:\/\/www.cinep.pb.gov.br\/portal\/wp-content\/uploads\/2019\/04\/ENERGIA-SOLAR-768x298.png 768w, https:\/\/www.cinep.pb.gov.br\/portal\/wp-content\/uploads\/2019\/04\/ENERGIA-SOLAR-1024x398.png 1024w\" sizes=\"auto, (max-width: 1076px) 100vw, 1076px\" \/><\/p>\n<h4 style=\"text-align: justify;\">Rodovias<\/h4>\n<p style=\"text-align: justify;\" align=\"justify\">Todos os munic\u00edpios paraibanos est\u00e3o interligados por rodovias asfaltadas. As rodovias federais mais importantes s\u00e3o: a BR-101, que liga Jo\u00e3o Pessoa a Natal e a Recife; a BR-230 (Transamaz\u00f4nica) que corta o Estado de Leste a Oeste, desde o Porto de Cabedelo, passando por Campina Grande, Cariri e Sert\u00e3o e a BR-104 que liga o Agreste paraibano com Pernambuco e Rio Grande do Norte.<\/p>\n<p align=\"justify\"><img loading=\"lazy\" decoding=\"async\" class=\"alignnone size-full wp-image-4152\" src=\"https:\/\/www.cinep.pb.gov.br\/portal\/wp-content\/uploads\/2019\/04\/pb-306-princesa-isabel-e-tavares-foto-francisco-fran\u00e7a-secom-pb_0635.jpg\" alt=\"\" width=\"3702\" height=\"2412\" srcset=\"https:\/\/www.cinep.pb.gov.br\/portal\/wp-content\/uploads\/2019\/04\/pb-306-princesa-isabel-e-tavares-foto-francisco-fran\u00e7a-secom-pb_0635.jpg 3702w, https:\/\/www.cinep.pb.gov.br\/portal\/wp-content\/uploads\/2019\/04\/pb-306-princesa-isabel-e-tavares-foto-francisco-fran\u00e7a-secom-pb_0635-300x195.jpg 300w, https:\/\/www.cinep.pb.gov.br\/portal\/wp-content\/uploads\/2019\/04\/pb-306-princesa-isabel-e-tavares-foto-francisco-fran\u00e7a-secom-pb_0635-768x500.jpg 768w, https:\/\/www.cinep.pb.gov.br\/portal\/wp-content\/uploads\/2019\/04\/pb-306-princesa-isabel-e-tavares-foto-francisco-fran\u00e7a-secom-pb_0635-1024x667.jpg 1024w\" sizes=\"auto, (max-width: 3702px) 100vw, 3702px\" \/><\/p>\n<p style=\"text-align: justify;\" align=\"justify\"><strong>Porto de Cabedelo<\/strong><\/p>\n<p style=\"text-align: justify;\" align=\"justify\">Administrado pela Companhia Docas da Para\u00edba, \u00e9 um dos melhores\u00a0<u>suportes log\u00edsticos<\/u>\u00a0localizados no centro do Nordeste. Com movimenta\u00e7\u00e3o de aproximadamente\u00a0<u>2 milh\u00f5es de toneladas<\/u>\u00a0por ano, o Porto conta com uma estrutura de mais de\u00a0<u>60 hectares de \u00e1reas<\/u>\u00a0distribu\u00eddas em:<\/p>\n<ul class=\"section-list\">\n<li style=\"list-style-type: none;\">\n<ul class=\"section-list\">\n<li class=\"section-list-item\">602 m de cais.<\/li>\n<\/ul>\n<\/li>\n<\/ul>\n<ul class=\"section-list\">\n<li style=\"list-style-type: none;\">\n<ul class=\"section-list\">\n<li class=\"section-list-item\">Calado de 9,14 m\u00a0<small>(com amplia\u00e7\u00e3o prevista para 11 m).<\/small><\/li>\n<\/ul>\n<\/li>\n<\/ul>\n<ul class=\"section-list\">\n<li style=\"list-style-type: none;\">\n<ul class=\"section-list\">\n<li class=\"section-list-item\">10.000 m\u00b2 de armaz\u00e9ns.<\/li>\n<\/ul>\n<\/li>\n<\/ul>\n<ul class=\"section-list\">\n<li style=\"list-style-type: none;\">\n<ul class=\"section-list\">\n<li class=\"section-list-item\">Cerca de 24.000 m\u00b2 de p\u00e1tios com vias de f\u00e1cil tr\u00e1fego.<\/li>\n<\/ul>\n<\/li>\n<\/ul>\n<ul class=\"section-list\">\n<li class=\"section-list-item\">32 hectares de retro\u00e1rea a 5 km do cais.<\/li>\n<\/ul>\n<p><iframe loading=\"lazy\" width=\"1280\" height=\"720\" src=\"https:\/\/www.youtube.com\/embed\/Nm1WA8lkO4w?feature=oembed\" frameborder=\"0\" allow=\"accelerometer; autoplay; encrypted-media; gyroscope; picture-in-picture\" allowfullscreen><\/iframe><\/p>\n<h4 style=\"text-align: justify;\">\u00c1gua e esgoto<\/h4>\n<p style=\"text-align: justify;\" align=\"justify\">No contexto nordestino e em rela\u00e7\u00e3o ao pr\u00f3prio Pa\u00eds, a Para\u00edba apresenta \u00edndices razo\u00e1veis de atendimento \u00e0s popula\u00e7\u00f5es urbanas em abastecimento de \u00e1gua e saneamento.<\/p>\n<p style=\"text-align: justify;\" align=\"justify\">Nas duas cidades que mais concentram o investimento industrial, Jo\u00e3o Pessoa e Campina Grande, esses servi\u00e7os atendem \u00e0 demanda e oferecem estrutura para futuras instala\u00e7\u00f5es industriais.<\/p>\n<h4 style=\"text-align: justify;\">Aeroportos<\/h4>\n<p style=\"text-align: justify;\" align=\"justify\">O Aeroporto Castro Pinto, a 8km de Jo\u00e3o Pessoa, com pista de 2.515 m, de boas condi\u00e7\u00f5es para aterrissagem de avi\u00f5es de grande porte. Nele operam linhas regulares nacionais e internacionais do sistema Charter.<\/p>\n<p style=\"text-align: justify;\" align=\"justify\">O aeroporto Jo\u00e3o Suassuna, vizinho ao Distrito Industrial de Campina Grande, \u00e9 a op\u00e7\u00e3o para quem deseja uma conex\u00e3o mais r\u00e1pida ao interior da Para\u00edba.<\/p>\n<h4 style=\"text-align: justify;\">Telecomunica\u00e7\u00f5es<\/h4>\n<p style=\"text-align: justify;\" align=\"justify\">A Para\u00edba conta com uma ampla infra-estrutura de empresas na \u00e1rea de Telecomunica\u00e7\u00f5es. As principais empresas do setor encontram-se em nosso estado. Seja na \u00e1rea de telefonia fixa ou m\u00f3vel, sua empresa contar\u00e1 com servi\u00e7os da OI, TIM Nordeste, Embratel, V\u00e9sper, Claro, entre outras.<\/p>\n<h4 style=\"text-align: justify;\">Energia el\u00e9trica<\/h4>\n<p style=\"text-align: justify;\" align=\"justify\">Todos os Distritos Industriais implantados e em implanta\u00e7\u00e3o possuem disponibilidade de energia el\u00e9trica fornecida pela ENERGISA, em Jo\u00e3o Pessoa e todo Estado, com exce\u00e7\u00e3o de Campina Grande, que tem fornecedora pr\u00f3pria, a CELB. O suprimento \u00e9 feito pela CHESF Companhia Hidrel\u00e9trica de S\u00e3o Francisco. Ambas as empresas foram adquiridas, atrav\u00e9s do processo de privatiza\u00e7\u00e3o, pelo grupo mineiro Cataguazes.<\/p>\n<h4 style=\"text-align: justify;\">G\u00e1s Natural<\/h4>\n<p style=\"text-align: justify;\" align=\"justify\">A Para\u00edba \u00e9 um dos Estados que mais investe em novas energias, entre eles, o g\u00e1s natural. Com distribui\u00e7\u00e3o garantida atrav\u00e9s da PBG\u00e1s &#8211; concession\u00e1ria de g\u00e1s natural, residencial, industrial, comercial e veicular, empresa de economia mista do Governo Estadual &#8211; a\u00a0Para\u00edba entra em\u00a0destaque por tamanha inova\u00e7\u00e3o.<\/p>\n","protected":false},"excerpt":{"rendered":"<p>&#8211;\u00a0Nos \u00faltimos anos, foram investidos mais de R$ 1,5 bilh\u00e3o para construir ou reformar aproximadamente 2,6 mil quil\u00f4metros de estradas, garantindo que todas as cidades do Estado estejam interligadas com asfalto. As obras no setor de infraestrutura continuam. &#8211;\u00a0A Para\u00edba\u00a0j\u00e1 recebe as \u00e1guas do Rio S\u00e3o Francisco, e o Governo do Estado promoveu R$ 1,4 bilh\u00e3o em investimentos para construir 1,3 mil quil\u00f4metros de novas adutoras e o Canal Acau\u00e3-Ara\u00e7agi.<\/p>\n","protected":false},"author":2,"featured_media":202,"parent":244,"menu_order":0,"comment_status":"closed","ping_status":"closed","template":"","meta":{"ngg_post_thumbnail":0,"footnotes":""},"class_list":["entry","author-fabio","post-277","page","type-page","status-publish","has-post-thumbnail"],"_links":{"self":[{"href":"https:\/\/www.cinep.pb.gov.br\/portal\/index.php?rest_route=\/wp\/v2\/pages\/277","targetHints":{"allow":["GET"]}}],"collection":[{"href":"https:\/\/www.cinep.pb.gov.br\/portal\/index.php?rest_route=\/wp\/v2\/pages"}],"about":[{"href":"https:\/\/www.cinep.pb.gov.br\/portal\/index.php?rest_route=\/wp\/v2\/types\/page"}],"author":[{"embeddable":true,"href":"https:\/\/www.cinep.pb.gov.br\/portal\/index.php?rest_route=\/wp\/v2\/users\/2"}],"replies":[{"embeddable":true,"href":"https:\/\/www.cinep.pb.gov.br\/portal\/index.php?rest_route=%2Fwp%2Fv2%2Fcomments&post=277"}],"version-history":[{"count":13,"href":"https:\/\/www.cinep.pb.gov.br\/portal\/index.php?rest_route=\/wp\/v2\/pages\/277\/revisions"}],"predecessor-version":[{"id":4153,"href":"https:\/\/www.cinep.pb.gov.br\/portal\/index.php?rest_route=\/wp\/v2\/pages\/277\/revisions\/4153"}],"up":[{"embeddable":true,"href":"https:\/\/www.cinep.pb.gov.br\/portal\/index.php?rest_route=\/wp\/v2\/pages\/244"}],"wp:featuredmedia":[{"embeddable":true,"href":"https:\/\/www.cinep.pb.gov.br\/portal\/index.php?rest_route=\/wp\/v2\/media\/202"}],"wp:attachment":[{"href":"https:\/\/www.cinep.pb.gov.br\/portal\/index.php?rest_route=%2Fwp%2Fv2%2Fmedia&parent=277"}],"curies":[{"name":"wp","href":"https:\/\/api.w.org\/{rel}","templated":true}]}}