{"id":275,"date":"2017-01-27T22:05:31","date_gmt":"2017-01-28T01:05:31","guid":{"rendered":"http:\/\/www.cinep.pb.gov.br\/portal\/?page_id=275"},"modified":"2019-01-17T10:31:33","modified_gmt":"2019-01-17T13:31:33","slug":"localizacao","status":"publish","type":"page","link":"https:\/\/www.cinep.pb.gov.br\/portal\/?page_id=275","title":{"rendered":"Localiza\u00e7\u00e3o"},"content":{"rendered":"<h4 style=\"text-align: justify;\" align=\"justify\"><\/h4>\n<p>A Para\u00edba est\u00e1 situada no extremo oriental do Continente, entre os paralelos de 6\u00b0 02 12&#8243; e 8\u00b0 19 18&#8243; de latitude Sul e os meridianos 34\u00b0 45 54&#8243; e 38\u00b0 45 45&#8243; de longitude a oeste de Greenwich.<\/p>\n<p>A localiza\u00e7\u00e3o privilegiada permite boas condi\u00e7\u00f5es para exporta\u00e7\u00e3o e importa\u00e7\u00e3o de produtos para Am\u00e9rica do Norte, Europa e \u00c1frica, al\u00e9m de representar um importante centro log\u00edstico para a distribui\u00e7\u00e3o de produtos na Regi\u00e3o Nordeste.<\/p>\n<p><img loading=\"lazy\" decoding=\"async\" class=\"alignnone wp-image-3453\" src=\"https:\/\/www.cinep.pb.gov.br\/portal\/wp-content\/uploads\/2017\/01\/PIB-por-KM-copiar-300x206.jpg\" alt=\"\" width=\"597\" height=\"410\" srcset=\"https:\/\/www.cinep.pb.gov.br\/portal\/wp-content\/uploads\/2017\/01\/PIB-por-KM-copiar-300x206.jpg 300w, https:\/\/www.cinep.pb.gov.br\/portal\/wp-content\/uploads\/2017\/01\/PIB-por-KM-copiar-768x528.jpg 768w, https:\/\/www.cinep.pb.gov.br\/portal\/wp-content\/uploads\/2017\/01\/PIB-por-KM-copiar-1024x704.jpg 1024w, https:\/\/www.cinep.pb.gov.br\/portal\/wp-content\/uploads\/2017\/01\/PIB-por-KM-copiar-130x90.jpg 130w\" sizes=\"auto, (max-width: 597px) 100vw, 597px\" \/><\/p>\n","protected":false},"excerpt":{"rendered":"<p>A Para\u00edba est\u00e1 situada no extremo oriental do Continente, entre os paralelos de 6\u00b0 02 12&#8243; e 8\u00b0 19 18&#8243; de latitude Sul e os meridianos 34\u00b0 45 54&#8243; e 38\u00b0 45 45&#8243; de longitude a oeste de Greenwich. A localiza\u00e7\u00e3o privilegiada permite boas condi\u00e7\u00f5es para exporta\u00e7\u00e3o e importa\u00e7\u00e3o de produtos para Am\u00e9rica do Norte, Europa e \u00c1frica, al\u00e9m de representar um importante centro log\u00edstico para a distribui\u00e7\u00e3o de produtos<\/p>\n","protected":false},"author":2,"featured_media":207,"parent":244,"menu_order":0,"comment_status":"closed","ping_status":"closed","template":"","meta":{"ngg_post_thumbnail":0,"footnotes":""},"class_list":["entry","author-fabio","post-275","page","type-page","status-publish","has-post-thumbnail"],"_links":{"self":[{"href":"https:\/\/www.cinep.pb.gov.br\/portal\/index.php?rest_route=\/wp\/v2\/pages\/275","targetHints":{"allow":["GET"]}}],"collection":[{"href":"https:\/\/www.cinep.pb.gov.br\/portal\/index.php?rest_route=\/wp\/v2\/pages"}],"about":[{"href":"https:\/\/www.cinep.pb.gov.br\/portal\/index.php?rest_route=\/wp\/v2\/types\/page"}],"author":[{"embeddable":true,"href":"https:\/\/www.cinep.pb.gov.br\/portal\/index.php?rest_route=\/wp\/v2\/users\/2"}],"replies":[{"embeddable":true,"href":"https:\/\/www.cinep.pb.gov.br\/portal\/index.php?rest_route=%2Fwp%2Fv2%2Fcomments&post=275"}],"version-history":[{"count":5,"href":"https:\/\/www.cinep.pb.gov.br\/portal\/index.php?rest_route=\/wp\/v2\/pages\/275\/revisions"}],"predecessor-version":[{"id":6706,"href":"https:\/\/www.cinep.pb.gov.br\/portal\/index.php?rest_route=\/wp\/v2\/pages\/275\/revisions\/6706"}],"up":[{"embeddable":true,"href":"https:\/\/www.cinep.pb.gov.br\/portal\/index.php?rest_route=\/wp\/v2\/pages\/244"}],"wp:featuredmedia":[{"embeddable":true,"href":"https:\/\/www.cinep.pb.gov.br\/portal\/index.php?rest_route=\/wp\/v2\/media\/207"}],"wp:attachment":[{"href":"https:\/\/www.cinep.pb.gov.br\/portal\/index.php?rest_route=%2Fwp%2Fv2%2Fmedia&parent=275"}],"curies":[{"name":"wp","href":"https:\/\/api.w.org\/{rel}","templated":true}]}}