{"id":236,"date":"2017-01-27T21:48:34","date_gmt":"2017-01-28T00:48:34","guid":{"rendered":"http:\/\/www.cinep.pb.gov.br\/portal\/?page_id=236"},"modified":"2024-09-25T09:51:33","modified_gmt":"2024-09-25T12:51:33","slug":"missao-2","status":"publish","type":"page","link":"https:\/\/www.cinep.pb.gov.br\/portal\/?page_id=236","title":{"rendered":"Miss\u00e3o"},"content":{"rendered":"<h2 style=\"text-align: justify;\"><strong>Miss\u00e3o:<\/strong><\/h2>\n<p style=\"text-align: justify;\">Promover o desenvolvimento econ\u00f4mico e sustent\u00e1vel do Estado, por meio de incentivos e apoio aos setores industrial, agroindustrial, agropecu\u00e1rio, pesqueiro, comercial, tecnol\u00f3gico, cultural e tur\u00edstico.<\/p>\n<div>\n<p style=\"text-align: justify;\">Para cumprir a miss\u00e3o a que se prop\u00f5e, a&nbsp;<strong>CINEP<\/strong>&nbsp;conta com as seguintes estrat\u00e9gias:<\/p>\n<p style=\"text-align: justify;\">1. Disposi\u00e7\u00e3o governamental de atrair investimentos produtivos;<\/p>\n<p style=\"text-align: justify;\">2. Desempenho de atividades exclusivas na Para\u00edba na gest\u00e3o de incentivos fiscais, financeiros e locacionais;<\/p>\n<p style=\"text-align: justify;\">3. Foco na interioriza\u00e7\u00e3o das a\u00e7\u00f5es de desenvolvimento;<\/p>\n<p style=\"text-align: justify;\">4. Conscientiza\u00e7\u00e3o e disposi\u00e7\u00e3o da empresa para adaptar-se aos novos desafios institucionais na busca do desenvolvimento &#8211; planejamento estrat\u00e9gico.<\/p>\n<h2><strong>Vis\u00e3o:<\/strong><\/h2>\n<p>Ser uma Companhia de excel\u00eancia na promo\u00e7\u00e3o do desenvolvimento econ\u00f4mico do Estado, se tornando refer\u00eancia nacional no segmento e na parceria com o setor privado.<\/p>\n<h2><strong>Valores:<\/strong><\/h2>\n<p>\u00c9tica, Transpar\u00eancia, Valoriza\u00e7\u00e3o do servidor, Melhoria no Ambiente de Neg\u00f3cios, Inova\u00e7\u00e3o e Tecnologia, Atra\u00e7\u00e3o de Investimentos Produtivos, Apoio aos Arranjos Produtivos Locais, Compromisso com resultados, Respeito aos princ\u00edpios constitucionais da Administra\u00e7\u00e3o&nbsp;P\u00fablica.<\/p>\n<\/div>\n<p>&nbsp;<\/p>\n","protected":false},"excerpt":{"rendered":"<p>Miss\u00e3o: Promover o desenvolvimento econ\u00f4mico e sustent\u00e1vel do Estado, por meio de incentivos e apoio aos setores industrial, agroindustrial, agropecu\u00e1rio, pesqueiro, comercial, tecnol\u00f3gico, cultural e tur\u00edstico. Para cumprir a miss\u00e3o a que se prop\u00f5e, a&nbsp;CINEP&nbsp;conta com as seguintes estrat\u00e9gias: 1. Disposi\u00e7\u00e3o governamental de atrair investimentos produtivos; 2. Desempenho de atividades exclusivas na Para\u00edba na gest\u00e3o de incentivos fiscais, financeiros e locacionais; 3. Foco na interioriza\u00e7\u00e3o das a\u00e7\u00f5es de desenvolvimento; 4.<\/p>\n","protected":false},"author":2,"featured_media":205,"parent":215,"menu_order":0,"comment_status":"closed","ping_status":"closed","template":"","meta":{"ngg_post_thumbnail":0,"footnotes":""},"class_list":["entry","author-fabio","post-236","page","type-page","status-publish","has-post-thumbnail"],"_links":{"self":[{"href":"https:\/\/www.cinep.pb.gov.br\/portal\/index.php?rest_route=\/wp\/v2\/pages\/236","targetHints":{"allow":["GET"]}}],"collection":[{"href":"https:\/\/www.cinep.pb.gov.br\/portal\/index.php?rest_route=\/wp\/v2\/pages"}],"about":[{"href":"https:\/\/www.cinep.pb.gov.br\/portal\/index.php?rest_route=\/wp\/v2\/types\/page"}],"author":[{"embeddable":true,"href":"https:\/\/www.cinep.pb.gov.br\/portal\/index.php?rest_route=\/wp\/v2\/users\/2"}],"replies":[{"embeddable":true,"href":"https:\/\/www.cinep.pb.gov.br\/portal\/index.php?rest_route=%2Fwp%2Fv2%2Fcomments&post=236"}],"version-history":[{"count":4,"href":"https:\/\/www.cinep.pb.gov.br\/portal\/index.php?rest_route=\/wp\/v2\/pages\/236\/revisions"}],"predecessor-version":[{"id":8996,"href":"https:\/\/www.cinep.pb.gov.br\/portal\/index.php?rest_route=\/wp\/v2\/pages\/236\/revisions\/8996"}],"up":[{"embeddable":true,"href":"https:\/\/www.cinep.pb.gov.br\/portal\/index.php?rest_route=\/wp\/v2\/pages\/215"}],"wp:featuredmedia":[{"embeddable":true,"href":"https:\/\/www.cinep.pb.gov.br\/portal\/index.php?rest_route=\/wp\/v2\/media\/205"}],"wp:attachment":[{"href":"https:\/\/www.cinep.pb.gov.br\/portal\/index.php?rest_route=%2Fwp%2Fv2%2Fmedia&parent=236"}],"curies":[{"name":"wp","href":"https:\/\/api.w.org\/{rel}","templated":true}]}}