{"id":219,"date":"2017-01-27T21:38:56","date_gmt":"2017-01-28T00:38:56","guid":{"rendered":"http:\/\/www.cinep.pb.gov.br\/portal\/?page_id=219"},"modified":"2019-02-06T16:24:08","modified_gmt":"2019-02-06T19:24:08","slug":"apresentacao-2","status":"publish","type":"page","link":"https:\/\/www.cinep.pb.gov.br\/portal\/?page_id=219","title":{"rendered":"Apresenta\u00e7\u00e3o"},"content":{"rendered":"\n<p>A&nbsp;Companhia de Desenvolvimento da Para\u00edba&nbsp;\u2013&nbsp;Cinep,\nvinculada \u00e0 Secretaria de Estado de Turismo e Desenvolvimento Econ\u00f4mico, tem a\nfinalidade de promover o desenvolvimento industrial do Estado. A\nCinep&nbsp;possui uma equipe t\u00e9cnica qualificada e est\u00e1 de portas abertas para\nreceber, orientar e prestar assessoramento para quem quer investir na Para\u00edba,\natuando&nbsp;como facilitadora na implanta\u00e7\u00e3o de empresas.<\/p>\n\n\n\n<p><strong>Atividades gerenciadas pela CINEP<\/strong><\/p>\n\n\n\n<p><strong>FAIN:<\/strong>&nbsp;A Cinep \u00e9 o \u00f3rg\u00e3o respons\u00e1vel pela administra\u00e7\u00e3o do Fundo de Apoio\nao Desenvolvimento Industrial da Para\u00edba \u2013 Fain, instrumento que viabiliza a\nconcess\u00e3o de incentivos fiscais por meio do cr\u00e9dito presumido do ICMS. Para\nmais informa\u00e7\u00f5es sobre o Fain,&nbsp;<a href=\"https:\/\/www.cinep.pb.gov.br\/portal\/?page_id=284\">clique\naqui<\/a>.<\/p>\n\n\n\n<p><strong>INCENTIVOS LOCACIONAIS:<\/strong>&nbsp;A Cinep&nbsp;disponibiliza\n\u00e1reas industriais a pre\u00e7os subsidiados em diversos munic\u00edpios da Para\u00edba como\nforma de impulsionar a atividade industrial. Para mais informa\u00e7\u00f5es sobre\nincentivos locacionais, clique aqui.&nbsp;\u00c9 tamb\u00e9m fun\u00e7\u00e3o da Cinep&nbsp;a\nadministra\u00e7\u00e3o dos distritos industriais&nbsp;da Para\u00edba. Para mais informa\u00e7\u00f5es\nsobre essa modalidade de incentivo,&nbsp;<a href=\"https:\/\/www.cinep.pb.gov.br\/portal\/?page_id=3312\">clique\naqui<\/a>.<\/p>\n\n\n\n<p><strong>DISTRITOS INDUSTRIAIS:<\/strong>&nbsp;A gest\u00e3o das \u00e1reas e distritos\nindustriais da Para\u00edba tamb\u00e9m \u00e9 uma das atribui\u00e7\u00f5es da Cinep.<\/p>\n","protected":false},"excerpt":{"rendered":"<p>A&nbsp;Companhia de Desenvolvimento da Para\u00edba&nbsp;\u2013&nbsp;Cinep, vinculada \u00e0 Secretaria de Estado de Turismo e Desenvolvimento Econ\u00f4mico, tem a finalidade de promover o desenvolvimento industrial do Estado. A Cinep&nbsp;possui uma equipe t\u00e9cnica qualificada e est\u00e1 de portas abertas para receber, orientar e prestar assessoramento para quem quer investir na Para\u00edba, atuando&nbsp;como facilitadora na implanta\u00e7\u00e3o de empresas. Atividades gerenciadas pela CINEP FAIN:&nbsp;A Cinep \u00e9 o \u00f3rg\u00e3o respons\u00e1vel pela administra\u00e7\u00e3o do Fundo de Apoio<\/p>\n","protected":false},"author":2,"featured_media":194,"parent":215,"menu_order":0,"comment_status":"closed","ping_status":"closed","template":"","meta":{"ngg_post_thumbnail":0,"footnotes":""},"class_list":["entry","author-fabio","post-219","page","type-page","status-publish","has-post-thumbnail"],"_links":{"self":[{"href":"https:\/\/www.cinep.pb.gov.br\/portal\/index.php?rest_route=\/wp\/v2\/pages\/219","targetHints":{"allow":["GET"]}}],"collection":[{"href":"https:\/\/www.cinep.pb.gov.br\/portal\/index.php?rest_route=\/wp\/v2\/pages"}],"about":[{"href":"https:\/\/www.cinep.pb.gov.br\/portal\/index.php?rest_route=\/wp\/v2\/types\/page"}],"author":[{"embeddable":true,"href":"https:\/\/www.cinep.pb.gov.br\/portal\/index.php?rest_route=\/wp\/v2\/users\/2"}],"replies":[{"embeddable":true,"href":"https:\/\/www.cinep.pb.gov.br\/portal\/index.php?rest_route=%2Fwp%2Fv2%2Fcomments&post=219"}],"version-history":[{"count":14,"href":"https:\/\/www.cinep.pb.gov.br\/portal\/index.php?rest_route=\/wp\/v2\/pages\/219\/revisions"}],"predecessor-version":[{"id":4062,"href":"https:\/\/www.cinep.pb.gov.br\/portal\/index.php?rest_route=\/wp\/v2\/pages\/219\/revisions\/4062"}],"up":[{"embeddable":true,"href":"https:\/\/www.cinep.pb.gov.br\/portal\/index.php?rest_route=\/wp\/v2\/pages\/215"}],"wp:featuredmedia":[{"embeddable":true,"href":"https:\/\/www.cinep.pb.gov.br\/portal\/index.php?rest_route=\/wp\/v2\/media\/194"}],"wp:attachment":[{"href":"https:\/\/www.cinep.pb.gov.br\/portal\/index.php?rest_route=%2Fwp%2Fv2%2Fmedia&parent=219"}],"curies":[{"name":"wp","href":"https:\/\/api.w.org\/{rel}","templated":true}]}}