{"id":14338,"date":"2026-04-30T07:47:18","date_gmt":"2026-04-30T10:47:18","guid":{"rendered":"https:\/\/www.cinep.pb.gov.br\/portal\/?page_id=14338"},"modified":"2026-04-30T07:47:18","modified_gmt":"2026-04-30T10:47:18","slug":"pl-002-2026","status":"publish","type":"page","link":"https:\/\/www.cinep.pb.gov.br\/portal\/?page_id=14338","title":{"rendered":"PL 002-2026"},"content":{"rendered":"<p><a href=\"https:\/\/www.cinep.pb.gov.br\/portal\/wp-content\/uploads\/2026\/04\/ANEXOS-EDITAL-PARTE-01.pdf\">ANEXOS EDITAL PARTE 01<\/a><\/p>\n<p><a href=\"https:\/\/www.cinep.pb.gov.br\/portal\/wp-content\/uploads\/2026\/04\/ANEXOS-EDITAL-PARTE-02_1.pdf\">ANEXOS EDITAL PARTE 02_1<\/a><\/p>\n<p><a href=\"https:\/\/www.cinep.pb.gov.br\/portal\/wp-content\/uploads\/2026\/04\/ANEXOS-EDITAL-PARTE-02_2.pdf\">ANEXOS EDITAL PARTE 02_2<\/a><\/p>\n<p><a href=\"https:\/\/www.cinep.pb.gov.br\/portal\/wp-content\/uploads\/2026\/04\/ANEXOS-EDITAL-PARTE-02_3.pdf\">ANEXOS EDITAL PARTE 02_3<\/a><\/p>\n<p><a href=\"https:\/\/www.cinep.pb.gov.br\/portal\/wp-content\/uploads\/2026\/04\/EDITAL-2a-EDICAO-PL_002-2026-assinado.pdf\">EDITAL 2\u00aa EDI\u00c7\u00c3O PL_002-2026 assinado<\/a><\/p>\n<p><a href=\"https:\/\/www.cinep.pb.gov.br\/portal\/wp-content\/uploads\/2026\/04\/MINUTA-CONTRATO.pdf\">MINUTA CONTRATO<\/a><\/p>\n<p><a href=\"https:\/\/www.cinep.pb.gov.br\/portal\/wp-content\/uploads\/2026\/04\/PUBLICACAO-CONV-DOE-PL-002-2026.pdf\">PUBLICA\u00c7\u00c3O CONV DOE PL 002-2026<\/a><\/p>\n","protected":false},"excerpt":{"rendered":"<p>ANEXOS EDITAL PARTE 01 ANEXOS EDITAL PARTE 02_1 ANEXOS EDITAL PARTE 02_2 ANEXOS EDITAL PARTE 02_3 EDITAL 2\u00aa EDI\u00c7\u00c3O PL_002-2026 assinado MINUTA CONTRATO PUBLICA\u00c7\u00c3O CONV DOE PL 002-2026<\/p>\n","protected":false},"author":12,"featured_media":0,"parent":0,"menu_order":0,"comment_status":"closed","ping_status":"closed","template":"","meta":{"ngg_post_thumbnail":0,"footnotes":""},"class_list":["entry","author-gilbertorodrigues","post-14338","page","type-page","status-publish"],"_links":{"self":[{"href":"https:\/\/www.cinep.pb.gov.br\/portal\/index.php?rest_route=\/wp\/v2\/pages\/14338","targetHints":{"allow":["GET"]}}],"collection":[{"href":"https:\/\/www.cinep.pb.gov.br\/portal\/index.php?rest_route=\/wp\/v2\/pages"}],"about":[{"href":"https:\/\/www.cinep.pb.gov.br\/portal\/index.php?rest_route=\/wp\/v2\/types\/page"}],"author":[{"embeddable":true,"href":"https:\/\/www.cinep.pb.gov.br\/portal\/index.php?rest_route=\/wp\/v2\/users\/12"}],"replies":[{"embeddable":true,"href":"https:\/\/www.cinep.pb.gov.br\/portal\/index.php?rest_route=%2Fwp%2Fv2%2Fcomments&post=14338"}],"version-history":[{"count":1,"href":"https:\/\/www.cinep.pb.gov.br\/portal\/index.php?rest_route=\/wp\/v2\/pages\/14338\/revisions"}],"predecessor-version":[{"id":14346,"href":"https:\/\/www.cinep.pb.gov.br\/portal\/index.php?rest_route=\/wp\/v2\/pages\/14338\/revisions\/14346"}],"wp:attachment":[{"href":"https:\/\/www.cinep.pb.gov.br\/portal\/index.php?rest_route=%2Fwp%2Fv2%2Fmedia&parent=14338"}],"curies":[{"name":"wp","href":"https:\/\/api.w.org\/{rel}","templated":true}]}}