{"id":14275,"date":"2026-03-10T09:08:20","date_gmt":"2026-03-10T12:08:20","guid":{"rendered":"https:\/\/www.cinep.pb.gov.br\/portal\/?page_id=14275"},"modified":"2026-03-10T09:08:20","modified_gmt":"2026-03-10T12:08:20","slug":"pregao-eletronico-11-2025","status":"publish","type":"page","link":"https:\/\/www.cinep.pb.gov.br\/portal\/?page_id=14275","title":{"rendered":"Preg\u00e3o Eletr\u00f4nico 11\/2025"},"content":{"rendered":"<p><a href=\"https:\/\/www.cinep.pb.gov.br\/portal\/wp-content\/uploads\/2026\/03\/ANEXOS-EDITAL-PE-11-2025.pdf\">ANEXOS EDITAL PE 11-2025<\/a><\/p>\n<p><a href=\"https:\/\/www.cinep.pb.gov.br\/portal\/wp-content\/uploads\/2026\/03\/EDITAL-PE_011.2025-2-EDICAO_AQUISICAO-DE-CORTINAS-assinado.pdf\">EDITAL PE_011.2025 2 EDI\u00c7\u00c3O_AQUISI\u00c7\u00c3O DE CORTINAS assinado<\/a><\/p>\n<p><a href=\"https:\/\/www.cinep.pb.gov.br\/portal\/wp-content\/uploads\/2026\/03\/MINUTA-CONTRATO-PE-11-2025.pdf\">MINUTA CONTRATO PE 11-2025<\/a><\/p>\n<p><a href=\"https:\/\/www.cinep.pb.gov.br\/portal\/wp-content\/uploads\/2026\/03\/TERMO-DE-REFERENCIA-PE-11-2025.pdf\">TERMO DE REFER\u00caNCIA PE 11-2025<\/a><\/p>\n","protected":false},"excerpt":{"rendered":"<p>ANEXOS EDITAL PE 11-2025 EDITAL PE_011.2025 2 EDI\u00c7\u00c3O_AQUISI\u00c7\u00c3O DE CORTINAS assinado MINUTA CONTRATO PE 11-2025 TERMO DE REFER\u00caNCIA PE 11-2025<\/p>\n","protected":false},"author":12,"featured_media":0,"parent":0,"menu_order":0,"comment_status":"closed","ping_status":"closed","template":"","meta":{"ngg_post_thumbnail":0,"footnotes":""},"class_list":["entry","author-gilbertorodrigues","post-14275","page","type-page","status-publish"],"_links":{"self":[{"href":"https:\/\/www.cinep.pb.gov.br\/portal\/index.php?rest_route=\/wp\/v2\/pages\/14275","targetHints":{"allow":["GET"]}}],"collection":[{"href":"https:\/\/www.cinep.pb.gov.br\/portal\/index.php?rest_route=\/wp\/v2\/pages"}],"about":[{"href":"https:\/\/www.cinep.pb.gov.br\/portal\/index.php?rest_route=\/wp\/v2\/types\/page"}],"author":[{"embeddable":true,"href":"https:\/\/www.cinep.pb.gov.br\/portal\/index.php?rest_route=\/wp\/v2\/users\/12"}],"replies":[{"embeddable":true,"href":"https:\/\/www.cinep.pb.gov.br\/portal\/index.php?rest_route=%2Fwp%2Fv2%2Fcomments&post=14275"}],"version-history":[{"count":2,"href":"https:\/\/www.cinep.pb.gov.br\/portal\/index.php?rest_route=\/wp\/v2\/pages\/14275\/revisions"}],"predecessor-version":[{"id":14281,"href":"https:\/\/www.cinep.pb.gov.br\/portal\/index.php?rest_route=\/wp\/v2\/pages\/14275\/revisions\/14281"}],"wp:attachment":[{"href":"https:\/\/www.cinep.pb.gov.br\/portal\/index.php?rest_route=%2Fwp%2Fv2%2Fmedia&parent=14275"}],"curies":[{"name":"wp","href":"https:\/\/api.w.org\/{rel}","templated":true}]}}