{"id":14195,"date":"2025-12-29T13:07:13","date_gmt":"2025-12-29T16:07:13","guid":{"rendered":"https:\/\/www.cinep.pb.gov.br\/portal\/?page_id=14195"},"modified":"2025-12-29T13:07:13","modified_gmt":"2025-12-29T16:07:13","slug":"procedimento-eletronico-006-2025","status":"publish","type":"page","link":"https:\/\/www.cinep.pb.gov.br\/portal\/?page_id=14195","title":{"rendered":"Procedimento Eletr\u00f4nico 006.2025"},"content":{"rendered":"<p><a href=\"https:\/\/www.cinep.pb.gov.br\/portal\/wp-content\/uploads\/2025\/12\/ANEXOS-DO-EDITAL-1.pdf\">ANEXOS DO EDITAL<\/a><\/p>\n<p><a href=\"https:\/\/www.cinep.pb.gov.br\/portal\/wp-content\/uploads\/2025\/12\/EDITAL-PE-006.2025-LOCACAO-DE-VEICULOS.pdf\">EDITAL PE 006.2025 LOCA\u00c7\u00c3O DE VE\u00cdCULOS<\/a><\/p>\n<p><a href=\"https:\/\/www.cinep.pb.gov.br\/portal\/wp-content\/uploads\/2025\/12\/PUBLICACAO-DO-AVISO.pdf\">PUBLICA\u00c7\u00c3O DO AVISO<\/a><\/p>\n<p><a href=\"https:\/\/www.cinep.pb.gov.br\/portal\/wp-content\/uploads\/2025\/12\/TERMO-DE-REFERENCIA.pdf\">TERMO DE REFER\u00caNCIA<\/a><\/p>\n","protected":false},"excerpt":{"rendered":"<p>ANEXOS DO EDITAL EDITAL PE 006.2025 LOCA\u00c7\u00c3O DE VE\u00cdCULOS PUBLICA\u00c7\u00c3O DO AVISO TERMO DE REFER\u00caNCIA<\/p>\n","protected":false},"author":12,"featured_media":0,"parent":0,"menu_order":0,"comment_status":"closed","ping_status":"closed","template":"","meta":{"ngg_post_thumbnail":0,"footnotes":""},"class_list":["entry","author-gilbertorodrigues","post-14195","page","type-page","status-publish"],"_links":{"self":[{"href":"https:\/\/www.cinep.pb.gov.br\/portal\/index.php?rest_route=\/wp\/v2\/pages\/14195","targetHints":{"allow":["GET"]}}],"collection":[{"href":"https:\/\/www.cinep.pb.gov.br\/portal\/index.php?rest_route=\/wp\/v2\/pages"}],"about":[{"href":"https:\/\/www.cinep.pb.gov.br\/portal\/index.php?rest_route=\/wp\/v2\/types\/page"}],"author":[{"embeddable":true,"href":"https:\/\/www.cinep.pb.gov.br\/portal\/index.php?rest_route=\/wp\/v2\/users\/12"}],"replies":[{"embeddable":true,"href":"https:\/\/www.cinep.pb.gov.br\/portal\/index.php?rest_route=%2Fwp%2Fv2%2Fcomments&post=14195"}],"version-history":[{"count":1,"href":"https:\/\/www.cinep.pb.gov.br\/portal\/index.php?rest_route=\/wp\/v2\/pages\/14195\/revisions"}],"predecessor-version":[{"id":14200,"href":"https:\/\/www.cinep.pb.gov.br\/portal\/index.php?rest_route=\/wp\/v2\/pages\/14195\/revisions\/14200"}],"wp:attachment":[{"href":"https:\/\/www.cinep.pb.gov.br\/portal\/index.php?rest_route=%2Fwp%2Fv2%2Fmedia&parent=14195"}],"curies":[{"name":"wp","href":"https:\/\/api.w.org\/{rel}","templated":true}]}}