{"id":14183,"date":"2025-12-22T16:11:51","date_gmt":"2025-12-22T19:11:51","guid":{"rendered":"https:\/\/www.cinep.pb.gov.br\/portal\/?page_id=14183"},"modified":"2025-12-22T16:12:34","modified_gmt":"2025-12-22T19:12:34","slug":"procedimento-licitatorio-006-2025","status":"publish","type":"page","link":"https:\/\/www.cinep.pb.gov.br\/portal\/?page_id=14183","title":{"rendered":"PROCEDIMENTO LICITATORIO 006.2025"},"content":{"rendered":"<p><a href=\"https:\/\/www.cinep.pb.gov.br\/portal\/wp-content\/uploads\/2025\/12\/ANEXOS-DO-EDITAL.pdf\">ANEXOS DO EDITAL<\/a><\/p>\n<p><a href=\"https:\/\/www.cinep.pb.gov.br\/portal\/wp-content\/uploads\/2025\/12\/MINUTA-DE-CONTRATO.pdf\">MINUTA DE CONTRATO<\/a><\/p>\n<p><a href=\"https:\/\/www.cinep.pb.gov.br\/portal\/wp-content\/uploads\/2025\/12\/MATRIZES-DE-RISCO-COMPILADAS.pdf\">MATRIZES DE RISCO COMPILADAS<\/a><\/p>\n<p><a href=\"https:\/\/www.cinep.pb.gov.br\/portal\/wp-content\/uploads\/2025\/12\/CRONOGRAMA-SIGILOSO-COMPILADOS.pdf\">CRONOGRAMA SIGILOSO COMPILADOS<\/a><\/p>\n<p><a href=\"https:\/\/www.cinep.pb.gov.br\/portal\/wp-content\/uploads\/2025\/12\/PLANILHAS-SIGILOSAS-COMPILADAS.pdf\">PLANILHAS SIGILOSAS COMPILADAS<\/a><\/p>\n<p><a href=\"https:\/\/www.cinep.pb.gov.br\/portal\/wp-content\/uploads\/2025\/12\/PECAS-TECNICAS-E-MEMORIAIS-DESCRITIVOS-COMPILADOS.pdf\">PE\u00c7AS T\u00c9CNICAS E MEMORIAIS DESCRITIVOS COMPILADOS<\/a><\/p>\n<p><a href=\"https:\/\/www.cinep.pb.gov.br\/portal\/wp-content\/uploads\/2025\/12\/RELATORIOS-FOTOGRAFICOS-COMPILADOS.pdf\">RELAT\u00d3RIOS FOTOGR\u00c1FICOS COMPILADOS<\/a><\/p>\n<p><a href=\"https:\/\/www.cinep.pb.gov.br\/portal\/wp-content\/uploads\/2025\/12\/PROJETOS-BASICOS-UNIFICADOS.pdf\">PROJETOS B\u00c1SICOS UNIFICADOS<\/a><\/p>\n<p><a href=\"https:\/\/www.cinep.pb.gov.br\/portal\/wp-content\/uploads\/2025\/12\/EDITAL_PL_006.2025_ASSINADO.pdf\">EDITAL_PL_006.2025_ASSINADO<\/a><\/p>\n","protected":false},"excerpt":{"rendered":"<p>ANEXOS DO EDITAL MINUTA DE CONTRATO MATRIZES DE RISCO COMPILADAS CRONOGRAMA SIGILOSO COMPILADOS PLANILHAS SIGILOSAS COMPILADAS PE\u00c7AS T\u00c9CNICAS E MEMORIAIS DESCRITIVOS COMPILADOS RELAT\u00d3RIOS FOTOGR\u00c1FICOS COMPILADOS PROJETOS B\u00c1SICOS UNIFICADOS EDITAL_PL_006.2025_ASSINADO<\/p>\n","protected":false},"author":12,"featured_media":0,"parent":0,"menu_order":0,"comment_status":"closed","ping_status":"closed","template":"","meta":{"ngg_post_thumbnail":0,"footnotes":""},"class_list":["entry","author-gilbertorodrigues","post-14183","page","type-page","status-publish"],"_links":{"self":[{"href":"https:\/\/www.cinep.pb.gov.br\/portal\/index.php?rest_route=\/wp\/v2\/pages\/14183","targetHints":{"allow":["GET"]}}],"collection":[{"href":"https:\/\/www.cinep.pb.gov.br\/portal\/index.php?rest_route=\/wp\/v2\/pages"}],"about":[{"href":"https:\/\/www.cinep.pb.gov.br\/portal\/index.php?rest_route=\/wp\/v2\/types\/page"}],"author":[{"embeddable":true,"href":"https:\/\/www.cinep.pb.gov.br\/portal\/index.php?rest_route=\/wp\/v2\/users\/12"}],"replies":[{"embeddable":true,"href":"https:\/\/www.cinep.pb.gov.br\/portal\/index.php?rest_route=%2Fwp%2Fv2%2Fcomments&post=14183"}],"version-history":[{"count":1,"href":"https:\/\/www.cinep.pb.gov.br\/portal\/index.php?rest_route=\/wp\/v2\/pages\/14183\/revisions"}],"predecessor-version":[{"id":14193,"href":"https:\/\/www.cinep.pb.gov.br\/portal\/index.php?rest_route=\/wp\/v2\/pages\/14183\/revisions\/14193"}],"wp:attachment":[{"href":"https:\/\/www.cinep.pb.gov.br\/portal\/index.php?rest_route=%2Fwp%2Fv2%2Fmedia&parent=14183"}],"curies":[{"name":"wp","href":"https:\/\/api.w.org\/{rel}","templated":true}]}}