{"id":13953,"date":"2025-10-02T10:30:58","date_gmt":"2025-10-02T13:30:58","guid":{"rendered":"https:\/\/www.cinep.pb.gov.br\/portal\/?page_id=13953"},"modified":"2025-10-02T10:46:08","modified_gmt":"2025-10-02T13:46:08","slug":"edital-de-habilitacao-de-associacoes-e-cooperativas-de-catadores-de-materiais-reciclaveis","status":"publish","type":"page","link":"https:\/\/www.cinep.pb.gov.br\/portal\/?page_id=13953","title":{"rendered":"Edital de Habilita\u00e7\u00e3o de Associa\u00e7\u00f5es e Cooperativas de Catadores de Materiais Recicl\u00e1veis"},"content":{"rendered":"<p>A Companhia de Desenvolvimento da Para\u00edba (CINEP) lan\u00e7ou o Chamamento P\u00fablico n\u00ba 001\/2025, que tem como objetivo selecionar associa\u00e7\u00f5es e\/ou cooperativas de catadores de materiais recicl\u00e1veis aptas a realizar o remanejamento dos res\u00edduos descartados\/s\u00f3lidos pela Companhia, de acordo com a legisla\u00e7\u00e3o vigente.<br \/>\nEssa iniciativa visa garantir a destina\u00e7\u00e3o correta dos res\u00edduos e fortalecer o trabalho de associa\u00e7\u00f5es e cooperativas que t\u00eam a reciclagem como fonte de renda, contribuindo para a inclus\u00e3o socioprodutiva, a sustentabilidade e a gera\u00e7\u00e3o de oportunidades.<br \/>\nAs entidades interessadas devem se habilitar , enviando a documenta\u00e7\u00e3o exigida no edital, incluindo a Ficha de Inscri\u00e7\u00e3o, carta de inten\u00e7\u00e3o e comprova\u00e7\u00e3o da estrutura necess\u00e1ria para execu\u00e7\u00e3o das atividades.<br \/>\nA documenta\u00e7\u00e3o poder\u00e1 ser entregue presencialmente na sede da CINEP ou Atrav\u00e9s do formul\u00e1rio eletr\u00f4nico abaixo.<\/p>\n<p>A Ficha de Inscri\u00e7\u00e3o \u00e9 parte fundamental do processo e deve ser preenchida com aten\u00e7\u00e3o, garantindo a participa\u00e7\u00e3o no procedimento de habilita\u00e7\u00e3o.<\/p>\n<p>Acesse aqui:<\/p>\n<p><a href=\"https:\/\/pbdocforms.pb.gov.br\/servico\/1284\">Ficha de Inscri\u00e7\u00e3o \u2013 Catadores de Materiais Recicl\u00e1veis <\/a><br \/>\n<a href=\"https:\/\/www.cinep.pb.gov.br\/portal\/wp-content\/uploads\/2025\/10\/EDITAL-DE-CHAMAMENTO-1.pdf\">Edital Completo \u2013 Chamamento P\u00fablico n\u00ba 001\/2025 <\/a><\/p>\n","protected":false},"excerpt":{"rendered":"<p>A Companhia de Desenvolvimento da Para\u00edba (CINEP) lan\u00e7ou o Chamamento P\u00fablico n\u00ba 001\/2025, que tem como objetivo selecionar associa\u00e7\u00f5es e\/ou cooperativas de catadores de materiais recicl\u00e1veis aptas a realizar o remanejamento dos res\u00edduos descartados\/s\u00f3lidos pela Companhia, de acordo com a legisla\u00e7\u00e3o vigente. Essa iniciativa visa garantir a destina\u00e7\u00e3o correta dos res\u00edduos e fortalecer o trabalho de associa\u00e7\u00f5es e cooperativas que t\u00eam a reciclagem como fonte de renda, contribuindo para a<\/p>\n","protected":false},"author":12,"featured_media":0,"parent":0,"menu_order":0,"comment_status":"closed","ping_status":"closed","template":"","meta":{"ngg_post_thumbnail":0,"footnotes":""},"class_list":["entry","author-gilbertorodrigues","post-13953","page","type-page","status-publish"],"_links":{"self":[{"href":"https:\/\/www.cinep.pb.gov.br\/portal\/index.php?rest_route=\/wp\/v2\/pages\/13953","targetHints":{"allow":["GET"]}}],"collection":[{"href":"https:\/\/www.cinep.pb.gov.br\/portal\/index.php?rest_route=\/wp\/v2\/pages"}],"about":[{"href":"https:\/\/www.cinep.pb.gov.br\/portal\/index.php?rest_route=\/wp\/v2\/types\/page"}],"author":[{"embeddable":true,"href":"https:\/\/www.cinep.pb.gov.br\/portal\/index.php?rest_route=\/wp\/v2\/users\/12"}],"replies":[{"embeddable":true,"href":"https:\/\/www.cinep.pb.gov.br\/portal\/index.php?rest_route=%2Fwp%2Fv2%2Fcomments&post=13953"}],"version-history":[{"count":3,"href":"https:\/\/www.cinep.pb.gov.br\/portal\/index.php?rest_route=\/wp\/v2\/pages\/13953\/revisions"}],"predecessor-version":[{"id":13961,"href":"https:\/\/www.cinep.pb.gov.br\/portal\/index.php?rest_route=\/wp\/v2\/pages\/13953\/revisions\/13961"}],"wp:attachment":[{"href":"https:\/\/www.cinep.pb.gov.br\/portal\/index.php?rest_route=%2Fwp%2Fv2%2Fmedia&parent=13953"}],"curies":[{"name":"wp","href":"https:\/\/api.w.org\/{rel}","templated":true}]}}