{"id":13837,"date":"2025-09-08T16:33:36","date_gmt":"2025-09-08T19:33:36","guid":{"rendered":"https:\/\/www.cinep.pb.gov.br\/portal\/?page_id=13837"},"modified":"2025-10-15T14:12:25","modified_gmt":"2025-10-15T17:12:25","slug":"procedimento-licitatorio-no-003-2025","status":"publish","type":"page","link":"https:\/\/www.cinep.pb.gov.br\/portal\/?page_id=13837","title":{"rendered":"Procedimento Licitat\u00f3rio n\u00ba 003.2025"},"content":{"rendered":"<p><a href=\"https:\/\/www.cinep.pb.gov.br\/portal\/wp-content\/uploads\/2025\/09\/PROJETO-BASICO.pdf\">PROJETO B\u00c1SICO<\/a><\/p>\n<p><a href=\"https:\/\/www.cinep.pb.gov.br\/portal\/wp-content\/uploads\/2025\/09\/EDITAL-PL-003.2025.pdf\">EDITAL PL &#8211; 003.2025<\/a><\/p>\n<p><a href=\"https:\/\/www.cinep.pb.gov.br\/portal\/wp-content\/uploads\/2025\/09\/MINUTA-DO-CONTRATO.pdf\">MINUTA DO CONTRATO<\/a><\/p>\n<p><a href=\"https:\/\/www.cinep.pb.gov.br\/portal\/wp-content\/uploads\/2025\/10\/RELATORIO-DE-CLASSIFICACAO-E-HABILITACAO_CPL.pdf\">RELAT\u00d3RIO DE CLASSIFICA\u00c7\u00c3O E HABILITA\u00c7\u00c3O_CPL<\/a><\/p>\n<p><a href=\"https:\/\/www.cinep.pb.gov.br\/portal\/wp-content\/uploads\/2025\/10\/CPL-CONSTRUPAV-PARTE-02.pdf\">CPL &#8211; CONSTRUPAV &#8211; PARTE 02<\/a><\/p>\n<p><a href=\"https:\/\/www.cinep.pb.gov.br\/portal\/wp-content\/uploads\/2025\/10\/CPL-CONSTRUPAV-PARTE-01.pdf\">CPL &#8211; CONSTRUPAV &#8211; PARTE 01<\/a><\/p>\n","protected":false},"excerpt":{"rendered":"<p>PROJETO B\u00c1SICO EDITAL PL &#8211; 003.2025 MINUTA DO CONTRATO RELAT\u00d3RIO DE CLASSIFICA\u00c7\u00c3O E HABILITA\u00c7\u00c3O_CPL CPL &#8211; CONSTRUPAV &#8211; PARTE 02 CPL &#8211; CONSTRUPAV &#8211; PARTE 01<\/p>\n","protected":false},"author":12,"featured_media":0,"parent":0,"menu_order":0,"comment_status":"closed","ping_status":"closed","template":"","meta":{"ngg_post_thumbnail":0,"footnotes":""},"class_list":["entry","author-gilbertorodrigues","post-13837","page","type-page","status-publish"],"_links":{"self":[{"href":"https:\/\/www.cinep.pb.gov.br\/portal\/index.php?rest_route=\/wp\/v2\/pages\/13837","targetHints":{"allow":["GET"]}}],"collection":[{"href":"https:\/\/www.cinep.pb.gov.br\/portal\/index.php?rest_route=\/wp\/v2\/pages"}],"about":[{"href":"https:\/\/www.cinep.pb.gov.br\/portal\/index.php?rest_route=\/wp\/v2\/types\/page"}],"author":[{"embeddable":true,"href":"https:\/\/www.cinep.pb.gov.br\/portal\/index.php?rest_route=\/wp\/v2\/users\/12"}],"replies":[{"embeddable":true,"href":"https:\/\/www.cinep.pb.gov.br\/portal\/index.php?rest_route=%2Fwp%2Fv2%2Fcomments&post=13837"}],"version-history":[{"count":2,"href":"https:\/\/www.cinep.pb.gov.br\/portal\/index.php?rest_route=\/wp\/v2\/pages\/13837\/revisions"}],"predecessor-version":[{"id":13989,"href":"https:\/\/www.cinep.pb.gov.br\/portal\/index.php?rest_route=\/wp\/v2\/pages\/13837\/revisions\/13989"}],"wp:attachment":[{"href":"https:\/\/www.cinep.pb.gov.br\/portal\/index.php?rest_route=%2Fwp%2Fv2%2Fmedia&parent=13837"}],"curies":[{"name":"wp","href":"https:\/\/api.w.org\/{rel}","templated":true}]}}