{"id":13795,"date":"2025-08-15T09:59:55","date_gmt":"2025-08-15T12:59:55","guid":{"rendered":"https:\/\/www.cinep.pb.gov.br\/portal\/?page_id=13795"},"modified":"2025-08-15T09:59:55","modified_gmt":"2025-08-15T12:59:55","slug":"pregao-eletronico-001-2025","status":"publish","type":"page","link":"https:\/\/www.cinep.pb.gov.br\/portal\/?page_id=13795","title":{"rendered":"PREG\u00c3O ELETR\u00d4NICO 001\/2025"},"content":{"rendered":"<p><a href=\"https:\/\/www.cinep.pb.gov.br\/portal\/wp-content\/uploads\/2025\/08\/EDITAL-PE-001.2025_6o_EDICAO_AQUISICAO-DE-MOBILIA_ASSINADO.pdf\">EDITAL PE 001.2025_6\u00ba_EDI\u00c7\u00c3O_AQUISI\u00c7\u00c3O DE MOB\u00cdLIA_ASSINADO<\/a><\/p>\n<p><a href=\"https:\/\/www.cinep.pb.gov.br\/portal\/wp-content\/uploads\/2025\/08\/ANEXOS-DO-EDITAL-DO-II-AO-XI.pdf\">ANEXOS DO EDITAL &#8211; DO II AO XI<\/a><\/p>\n","protected":false},"excerpt":{"rendered":"<p>EDITAL PE 001.2025_6\u00ba_EDI\u00c7\u00c3O_AQUISI\u00c7\u00c3O DE MOB\u00cdLIA_ASSINADO ANEXOS DO EDITAL &#8211; DO II AO XI<\/p>\n","protected":false},"author":12,"featured_media":0,"parent":0,"menu_order":0,"comment_status":"closed","ping_status":"closed","template":"","meta":{"ngg_post_thumbnail":0,"footnotes":""},"class_list":["entry","author-gilbertorodrigues","post-13795","page","type-page","status-publish"],"_links":{"self":[{"href":"https:\/\/www.cinep.pb.gov.br\/portal\/index.php?rest_route=\/wp\/v2\/pages\/13795","targetHints":{"allow":["GET"]}}],"collection":[{"href":"https:\/\/www.cinep.pb.gov.br\/portal\/index.php?rest_route=\/wp\/v2\/pages"}],"about":[{"href":"https:\/\/www.cinep.pb.gov.br\/portal\/index.php?rest_route=\/wp\/v2\/types\/page"}],"author":[{"embeddable":true,"href":"https:\/\/www.cinep.pb.gov.br\/portal\/index.php?rest_route=\/wp\/v2\/users\/12"}],"replies":[{"embeddable":true,"href":"https:\/\/www.cinep.pb.gov.br\/portal\/index.php?rest_route=%2Fwp%2Fv2%2Fcomments&post=13795"}],"version-history":[{"count":1,"href":"https:\/\/www.cinep.pb.gov.br\/portal\/index.php?rest_route=\/wp\/v2\/pages\/13795\/revisions"}],"predecessor-version":[{"id":13799,"href":"https:\/\/www.cinep.pb.gov.br\/portal\/index.php?rest_route=\/wp\/v2\/pages\/13795\/revisions\/13799"}],"wp:attachment":[{"href":"https:\/\/www.cinep.pb.gov.br\/portal\/index.php?rest_route=%2Fwp%2Fv2%2Fmedia&parent=13795"}],"curies":[{"name":"wp","href":"https:\/\/api.w.org\/{rel}","templated":true}]}}