{"id":13574,"date":"2025-05-10T10:12:56","date_gmt":"2025-05-10T13:12:56","guid":{"rendered":"https:\/\/www.cinep.pb.gov.br\/portal\/?page_id=13574"},"modified":"2025-08-10T08:53:07","modified_gmt":"2025-08-10T11:53:07","slug":"procedimento-licitatorio-001-2025","status":"publish","type":"page","link":"https:\/\/www.cinep.pb.gov.br\/portal\/?page_id=13574","title":{"rendered":"PROCEDIMENTO LICITAT\u00d3RIO 001.2025"},"content":{"rendered":"<p><a href=\"https:\/\/www.cinep.pb.gov.br\/portal\/wp-content\/uploads\/2025\/05\/02.-PL_001.2025_TERMO-DE-REFERENCIA.pdf\">02. PL_001.2025_TERMO DE REFER\u00caNCIA<\/a><\/p>\n<p><a href=\"https:\/\/www.cinep.pb.gov.br\/portal\/wp-content\/uploads\/2025\/05\/11.-PL_001.2025_AREA-DE-INTERVENCAO_IRRIGACAO.pdf\">11. PL_001.2025_\u00c1REA DE INTERVEN\u00c7\u00c3O_IRRIGA\u00c7\u00c3O<\/a><\/p>\n<p><a href=\"https:\/\/www.cinep.pb.gov.br\/portal\/wp-content\/uploads\/2025\/05\/12.-PL_001.2025_PECAS-TECNICAS_IRRIGACAO.pdf\">12. PL_001.2025_PE\u00c7AS T\u00c9CNICAS_IRRIGA\u00c7\u00c3O<\/a><\/p>\n<p><a href=\"https:\/\/www.cinep.pb.gov.br\/portal\/wp-content\/uploads\/2025\/05\/16.-PL_001.2025_PLANILHA-ORCAMENTARIA-SIGILOSA.pdf\">16. PL_001.2025_PLANILHA OR\u00c7AMENT\u00c1RIA SIGILOSA<\/a><\/p>\n<p><a href=\"https:\/\/www.cinep.pb.gov.br\/portal\/wp-content\/uploads\/2025\/05\/17.-PL_001.2025_CRONOGRAMA-FISICO-FINANCEIRO_SIGILOSO.pdf\">17. PL_001.2025_CRONOGRAMA F\u00cdSICO-FINANCEIRO_SIGILOSO<\/a><\/p>\n<p><a href=\"https:\/\/www.cinep.pb.gov.br\/portal\/wp-content\/uploads\/2025\/05\/18.-PL_001.2025_MATRIZ-DE-RISCO.pdf\">18. PL_001.2025_MATRIZ DE RISCO<\/a><\/p>\n<p><a href=\"https:\/\/www.cinep.pb.gov.br\/portal\/wp-content\/uploads\/2025\/05\/22.-PL_001.2025_ANEXOS-DO-EDITAL-EXCETO-MINUTA-DO-CONTRATO.pdf\">22. PL_001.2025_ANEXOS DO EDITAL EXCETO MINUTA DO CONTRATO<\/a><\/p>\n<p><a href=\"https:\/\/www.cinep.pb.gov.br\/portal\/wp-content\/uploads\/2025\/05\/PUBLICACAO-CONVITE_JORNAL_26-04-25-cdepc-28.pdf\">PUBLICA\u00c7\u00c3O CONVITE_JORNAL_26-04-25-cdepc-28<\/a><\/p>\n<p><a href=\"https:\/\/www.cinep.pb.gov.br\/portal\/wp-content\/uploads\/2025\/05\/PUBLICACAO_CONVITE_DOEPB-26-04-2025-portal-60.pdf\">PUBLICA\u00c7\u00c3O_CONVITE_DOEPB-26-04-2025-portal-60<\/a><\/p>\n<p><a href=\"https:\/\/www.cinep.pb.gov.br\/portal\/wp-content\/uploads\/2025\/05\/30.-PL_001.2025_EDITAL-3aEDICAO.pdf\">30. PL_001.2025_EDITAL 3\u00aaEDI\u00c7\u00c3O<\/a><\/p>\n<p><a href=\"https:\/\/www.cinep.pb.gov.br\/portal\/wp-content\/uploads\/2025\/06\/15.-CPL-COMUNICACAO-DILIGENCIA.pdf\">15. CPL &#8211; COMUNICA\u00c7\u00c3O DILIG\u00caNCIA<\/a><\/p>\n<p><a href=\"https:\/\/www.cinep.pb.gov.br\/portal\/wp-content\/uploads\/2025\/06\/19.-PUBLICACAO-CLASSIFICACAO-E-HABILITACAO-DOE-30.05.pdf\">19. PUBLICA\u00c7\u00c3O &#8211; CLASSIFICA\u00c7\u00c3O E HABILITA\u00c7\u00c3O &#8211; DOE 30.05<\/a><\/p>\n<p><a href=\"https:\/\/www.cinep.pb.gov.br\/portal\/wp-content\/uploads\/2025\/06\/09.-CONSULTA-CONSOLIDADA-TCU-PLANO-A.pdf\">09. CONSULTA CONSOLIDADA TCU &#8211; PLANO A<\/a><\/p>\n<p><a href=\"https:\/\/www.cinep.pb.gov.br\/portal\/wp-content\/uploads\/2025\/06\/08.-CAFIL-PB-PLANO-A.pdf\">08. CAFIL &#8211; PB &#8211; PLANO A<\/a><\/p>\n<p><a href=\"https:\/\/www.cinep.pb.gov.br\/portal\/wp-content\/uploads\/2025\/06\/18.-DEFESA-TECNICA-E-JURIDICA-0-DILIGENCIA.pdf\">18. DEFESA TECNICA E JURIDICA 0 DILIGENCIA<\/a><\/p>\n<p><a href=\"https:\/\/www.cinep.pb.gov.br\/portal\/wp-content\/uploads\/2025\/06\/17.-Contrato-de-prestacao-de-servico.pdf\">17. Contrato de presta\u00e7\u00e3o de servi\u00e7o<\/a><\/p>\n<p><a href=\"https:\/\/www.cinep.pb.gov.br\/portal\/wp-content\/uploads\/2025\/06\/16.-Contrato-de-fornecimento-de-materiais.pdf\">16. Contrato de fornecimento de materiais<\/a><\/p>\n<p><a href=\"https:\/\/www.cinep.pb.gov.br\/portal\/wp-content\/uploads\/2025\/06\/13.-CPL-COMUNICACAO-PLANO-A-PROPOSTA-ADEQUADA.pdf\">13. CPL &#8211; COMUNICA\u00c7\u00c3O &#8211; PLANO A &#8211; PROPOSTA ADEQUADA<\/a><\/p>\n<p><a href=\"https:\/\/www.cinep.pb.gov.br\/portal\/wp-content\/uploads\/2025\/06\/14.-CPL-PLANO-A-PROPOSTA-COMPLETA-CINEP-IRRIGACAO-adequada.pdf\">14. CPL &#8211; PLANO A &#8211; PROPOSTA COMPLETA CINEP IRRIGA\u00c7\u00c3O adequada<\/a><\/p>\n<p><a href=\"https:\/\/www.cinep.pb.gov.br\/portal\/wp-content\/uploads\/2025\/06\/07.-CPL-HABILITACAO-PLANO-A_compressed.pdf\">07. CPL &#8211; HABILITA\u00c7\u00c3O &#8211; PLANO A_compressed<\/a><\/p>\n<p><a href=\"https:\/\/www.cinep.pb.gov.br\/portal\/wp-content\/uploads\/2025\/06\/03.-CPL-CREDENCIAMENTO-PLANO-A.pdf\">03. CPL &#8211; CREDENCIAMENTO PLANO A<\/a><\/p>\n<p><a href=\"https:\/\/www.cinep.pb.gov.br\/portal\/wp-content\/uploads\/2025\/06\/06.-CPL-PROPOSTA-DE-PRECO-PLANO-A_compressed.pdf\">06. CPL &#8211; PROPOSTA DE PRE\u00c7O &#8211; PLANO A_compressed<\/a><\/p>\n<p><a href=\"https:\/\/www.cinep.pb.gov.br\/portal\/wp-content\/uploads\/2025\/06\/04.-CPL-PROPOSTA-DE-PRECO-PLANENG-ENGENHARIA.pdf\">04. CPL &#8211; PROPOSTA DE PRE\u00c7O &#8211; PLANENG ENGENHARIA<\/a><\/p>\n<p><a href=\"https:\/\/www.cinep.pb.gov.br\/portal\/wp-content\/uploads\/2025\/06\/02.-CPL-CREDENCIAMENTO-EPI-IRRIGACAO-LTDA.pdf\">02. CPL &#8211; CREDENCIAMENTO &#8211; EPI IRRIGA\u00c7\u00c3O LTDA<\/a><\/p>\n<p><a href=\"https:\/\/www.cinep.pb.gov.br\/portal\/wp-content\/uploads\/2025\/06\/12.-CPL-ATA-DE-SESSAO-PUBLICA-001-2025.pdf\">12. CPL &#8211; ATA DE SESS\u00c3O P\u00daBLICA -001-2025<\/a><\/p>\n<p><a href=\"https:\/\/www.cinep.pb.gov.br\/portal\/wp-content\/uploads\/2025\/06\/11.-CPL-ANEXO-IX-CARTA-APRESENTACAO-PLANO-A.pdf\">11. CPL &#8211; ANEXO IX &#8211; CARTA APRESENTA\u00c7\u00c3O &#8211; PLANO A<\/a><\/p>\n<p><a href=\"https:\/\/www.cinep.pb.gov.br\/portal\/wp-content\/uploads\/2025\/06\/05.-CPL-PROPOSTA-EPI-IRRIGACAO.pdf\">05. CPL &#8211; PROPOSTA &#8211; EPI IRRIGA\u00c7\u00c3O<\/a><\/p>\n<p><a href=\"https:\/\/www.cinep.pb.gov.br\/portal\/wp-content\/uploads\/2025\/06\/10.-CPL-DECLARACAO-RELATIVA-PLANO-A-SERVICOS.pdf\">10. CPL &#8211; DECLARA\u00c7\u00c3O RELATIVA &#8211; PLANO A SERVI\u00c7OS<\/a><\/p>\n<p><a href=\"https:\/\/www.cinep.pb.gov.br\/portal\/wp-content\/uploads\/2025\/06\/01.-CPL-CREDENCIAMENTO-PLANENG.pdf\">01. CPL &#8211; CREDENCIAMENTO PLANENG<\/a><\/p>\n<p><a href=\"https:\/\/www.cinep.pb.gov.br\/portal\/wp-content\/uploads\/2025\/06\/REQUERIMENTO-PROTOCOLO.pdf\">REQUERIMENTO &#8211; PROTOCOLO<\/a><\/p>\n<p><a href=\"https:\/\/www.cinep.pb.gov.br\/portal\/wp-content\/uploads\/2025\/06\/RECURSO-EMPRESA-EPI.pdf\">RECURSO &#8211; EMPRESA EPI<\/a><\/p>\n<p><a href=\"https:\/\/www.cinep.pb.gov.br\/portal\/wp-content\/uploads\/2025\/07\/COMUNICACAO-ZIMBRA-PLANO-A.pdf\">COMUNICA\u00c7\u00c3O &#8211; ZIMBRA &#8211; PLANO A<\/a><\/p>\n<p><a href=\"https:\/\/www.cinep.pb.gov.br\/portal\/wp-content\/uploads\/2025\/07\/CONTRARRAZAO-CINEP_PLANO-A.pdf\">CONTRARRAZAO CINEP_PLANO A<\/a><\/p>\n<p><a href=\"https:\/\/www.cinep.pb.gov.br\/portal\/wp-content\/uploads\/2025\/07\/CNPJ-11.06.pdf\">CNPJ 11.06<\/a><\/p>\n<p><a href=\"https:\/\/www.cinep.pb.gov.br\/portal\/wp-content\/uploads\/2025\/07\/06.-SIMPLIFICADA-16.05.2025.pdf\">06. SIMPLIFICADA 16.05.2025<\/a><br \/>\n<a href=\"https:\/\/www.cinep.pb.gov.br\/portal\/wp-content\/uploads\/2025\/08\/RELATORIO-DE-RESULTADO-FINAL.pdf\">RELAT\u00d3RIO DE RESULTADO FINAL<\/a><\/p>\n<p><a href=\"https:\/\/www.cinep.pb.gov.br\/portal\/wp-content\/uploads\/2025\/08\/HOMOLOGACAO-DOE.pdf\">HOMOLOGA\u00c7\u00c3O DOE<\/a><\/p>\n<p><a href=\"https:\/\/www.cinep.pb.gov.br\/portal\/wp-content\/uploads\/2025\/08\/TERMO-DE-HOMOLOGACAO.pdf\">TERMO DE HOMOLOGA\u00c7\u00c3O<\/a><\/p>\n<p><a href=\"https:\/\/www.cinep.pb.gov.br\/portal\/wp-content\/uploads\/2025\/08\/TERMO-DE-ADJUDICACAO.pdf\">TERMO DE ADJUDICA\u00c7\u00c3O<\/a><\/p>\n<p><a href=\"https:\/\/www.cinep.pb.gov.br\/portal\/wp-content\/uploads\/2025\/08\/PARECER-JURIDICO.pdf\">PARECER JUR\u00cdDICO<\/a><\/p>\n<p><a href=\"https:\/\/www.cinep.pb.gov.br\/portal\/wp-content\/uploads\/2025\/08\/RELATORIO-DE-JULGAMENTO.pdf\">RELAT\u00d3RIO DE JULGAMENTO<\/a><\/p>\n","protected":false},"excerpt":{"rendered":"<p>02. PL_001.2025_TERMO DE REFER\u00caNCIA 11. PL_001.2025_\u00c1REA DE INTERVEN\u00c7\u00c3O_IRRIGA\u00c7\u00c3O 12. PL_001.2025_PE\u00c7AS T\u00c9CNICAS_IRRIGA\u00c7\u00c3O 16. PL_001.2025_PLANILHA OR\u00c7AMENT\u00c1RIA SIGILOSA 17. PL_001.2025_CRONOGRAMA F\u00cdSICO-FINANCEIRO_SIGILOSO 18. PL_001.2025_MATRIZ DE RISCO 22. PL_001.2025_ANEXOS DO EDITAL EXCETO MINUTA DO CONTRATO PUBLICA\u00c7\u00c3O CONVITE_JORNAL_26-04-25-cdepc-28 PUBLICA\u00c7\u00c3O_CONVITE_DOEPB-26-04-2025-portal-60 30. PL_001.2025_EDITAL 3\u00aaEDI\u00c7\u00c3O 15. CPL &#8211; COMUNICA\u00c7\u00c3O DILIG\u00caNCIA 19. PUBLICA\u00c7\u00c3O &#8211; CLASSIFICA\u00c7\u00c3O E HABILITA\u00c7\u00c3O &#8211; DOE 30.05 09. CONSULTA CONSOLIDADA TCU &#8211; PLANO A 08. CAFIL &#8211; PB &#8211; PLANO A 18. DEFESA TECNICA E JURIDICA 0<\/p>\n","protected":false},"author":12,"featured_media":0,"parent":0,"menu_order":0,"comment_status":"closed","ping_status":"closed","template":"","meta":{"ngg_post_thumbnail":0,"footnotes":""},"class_list":["entry","author-gilbertorodrigues","post-13574","page","type-page","status-publish"],"_links":{"self":[{"href":"https:\/\/www.cinep.pb.gov.br\/portal\/index.php?rest_route=\/wp\/v2\/pages\/13574","targetHints":{"allow":["GET"]}}],"collection":[{"href":"https:\/\/www.cinep.pb.gov.br\/portal\/index.php?rest_route=\/wp\/v2\/pages"}],"about":[{"href":"https:\/\/www.cinep.pb.gov.br\/portal\/index.php?rest_route=\/wp\/v2\/types\/page"}],"author":[{"embeddable":true,"href":"https:\/\/www.cinep.pb.gov.br\/portal\/index.php?rest_route=\/wp\/v2\/users\/12"}],"replies":[{"embeddable":true,"href":"https:\/\/www.cinep.pb.gov.br\/portal\/index.php?rest_route=%2Fwp%2Fv2%2Fcomments&post=13574"}],"version-history":[{"count":7,"href":"https:\/\/www.cinep.pb.gov.br\/portal\/index.php?rest_route=\/wp\/v2\/pages\/13574\/revisions"}],"predecessor-version":[{"id":13781,"href":"https:\/\/www.cinep.pb.gov.br\/portal\/index.php?rest_route=\/wp\/v2\/pages\/13574\/revisions\/13781"}],"wp:attachment":[{"href":"https:\/\/www.cinep.pb.gov.br\/portal\/index.php?rest_route=%2Fwp%2Fv2%2Fmedia&parent=13574"}],"curies":[{"name":"wp","href":"https:\/\/api.w.org\/{rel}","templated":true}]}}