{"id":5517,"date":"2020-07-22T08:19:48","date_gmt":"2020-07-22T11:19:48","guid":{"rendered":"http:\/\/www.cinep.pb.gov.br\/portal\/?page_id=5517"},"modified":"2020-11-09T18:37:09","modified_gmt":"2020-11-09T21:37:09","slug":"__trashed","status":"publish","type":"page","link":"http:\/\/www.cinep.pb.gov.br\/portal\/?page_id=5517","title":{"rendered":"Polo Tur\u00edstico Cabo Branco &#8211; 2\u00ba Edital (Encerrado)"},"content":{"rendered":"\n<table class=\"wp-block-table alignleft\" style=\"margin-top: 20px; width:100%\">\n   <tbody>\n      <tr>\n         <td valign=\"top\" style=\"min-width:300px; padding-right: 20px;\">\n            <strong>Edital e Inscri\u00e7\u00e3o<\/strong><br><br> \n            <ul>\n               <li><a href=\"https:\/\/www.cinep.pb.gov.br\/portal\/?page_id=5567\">Edital e Documentos<\/a><\/li>\n               <li><a href=\"https:\/\/www.cinep.pb.gov.br\/portal\/wp-content\/uploads\/2020\/02\/Guia-de-Inscri\u00e7\u00e3o-Polo-Tur\u00edstico-Cabo-Branco.pdf\">Como se inscrever<\/a><\/li>\n            <\/ul>\n            <br><strong>Apresenta\u00e7\u00e3o<\/strong><br><br> \n            <ul>\n               <li><a href=\"https:\/\/www.cinep.pb.gov.br\/portal\/wp-content\/uploads\/2020\/08\/(PORTUGUES)%20Apresentacao%20DITUR%20-%202%20ETAPA%20JULHO%202020.pdf\" target=\"_blank\">Confira dados sobre a 2\u00aa Etapa do Polo Tur\u00edstico Cabo Branco<\/a><\/li>\n            <\/ul>\n            <br><strong>V\u00eddeos<\/strong><br><br> \n            <ul>\n               <li><a rel=\"noopener\" href=\"https:\/\/www.youtube.com\/watch?v=8ALHyV8WVGo&amp;feature=youtu.be\" target=\"_blank\">Polo Tur\u00edstico Cabo Branco \u2013 O Projeto <\/a><\/li>\n               <li><a rel=\"noopener\" href=\"https:\/\/www.youtube.com\/watch?v=rK84sddb-_Y&amp;feature=youtu.be\" target=\"_blank\">Conhe\u00e7a a Para\u00edba<\/a><\/li>\n            <\/ul>\n            <br><strong>Contato<\/strong><br><br><a style=\"font-family: inherit; font-size: inherit; font-weight: inherit;\" href=\"mailto:ditur@cinep.pb.gov.br?subject=Contato pelo site\">Envie email<\/a><span style=\"font-family: inherit; font-size: inherit; font-weight: inherit;\"> para contactar a equipe respons\u00e1vel pelo Polo Tur\u00edstico Cabo Branco (ditur@cinep.pb.gov.br)<\/span>\n            <ul>\n               <ul> <\/ul>\n            <\/ul>\n            <br><strong>Outros idiomas<\/strong><br><br> \n            <ul>\n               <li><a rel=\"noopener\" href=\"https:\/\/www.cinep.pb.gov.br\/portal\/?page_id=5730\" target=\"_blank\">English<\/a><\/li>\n               <li><a rel=\"noopener\" href=\"https:\/\/www.cinep.pb.gov.br\/portal\/?page_id=5754\" target=\"_blank\">Espa\u00f1ol<\/a><\/li>\n               <li><a rel=\"noopener\" href=\"https:\/\/www.cinep.pb.gov.br\/portal\/?page_id=5786\" target=\"_blank\">Fran\u00e7ais<\/a><\/li>\n               <li><a rel=\"noopener\" href=\"https:\/\/www.cinep.pb.gov.br\/portal\/?page_id=5780\" target=\"_blank\">Deutsch<\/a><\/li>\n            <\/ul>\n         <\/td>\n         <td>\t \t \t \n         <\/td>\n         <td style=\"text-align: justify;\"><img decoding=\"async\" src=\"https:\/\/www.cinep.pb.gov.br\/portal\/wp-content\/uploads\/2020\/11\/WhatsApp-Image-2020-11-04-at-12.18.58.jpeg\" alt=\"\" class=\"wp-image-5562\"><br><br>O Governo do Estado, por meio da Companhia de Desenvolvimento da Para\u00edba \u2013 CINEP disponibiliza atrav\u00e9s de um edital de chamamento p\u00fablico novos lotes no complexo do Polo Tur\u00edstico Cabo Branco. Nesta segunda etapa est\u00e3o sendo oferecidos cinco lotes que contemplam al\u00e9m do setor urban\u00edstico hoteleiro, \u00e1reas para com\u00e9rcio e servi\u00e7os e anima\u00e7\u00e3o tur\u00edstica (parque tem\u00e1tico). <br><br>Os interessados ter\u00e3o o prazo de 45 dias corridos, contados a partir da data de publica\u00e7\u00e3o do edital (22 de julho de 2020), para submeterem os seus projetos. As inscri\u00e7\u00f5es dever\u00e3o ser feitas exclusivamente atrav\u00e9s <a href=\"https:\/\/www.cinep.pb.gov.br\/portal\/?page_id=5567\" target=\"_blank\">deste link<\/a> e as empresas ter\u00e3o que apresentar o requerimento formal e toda documenta\u00e7\u00e3o, conforme as especifica\u00e7\u00f5es contidas no edital.<br><br>O Governo do Estado possui importante pol\u00edtica voltada \u00e0 atra\u00e7\u00e3o de investimentos. Para esse projeto, ser\u00e3o concedidos incentivos relacionados tanto \u00e0 aquisi\u00e7\u00e3o dos im\u00f3veis propriamente ditos (incentivo locacional), quanto aos incentivos fiscais (ICMS), estes pertinentes \u00e0s aquisi\u00e7\u00f5es de alguns equipamentos necess\u00e1rios \u00e0 implanta\u00e7\u00e3o dos empreendimentos. Al\u00e9m disso, o Polo Tur\u00edstico Cabo Branco possui uma legisla\u00e7\u00e3o espec\u00edfica no que diz respeito aos tributos municipais (ISS), com incentivos da ordem de 60%.<br><br><strong>Sobre o projeto<\/strong><br><br>O Polo Tur\u00edstico Cabo Branco, maior polo tur\u00edstico planejado do Nordeste, possui uma \u00e1rea de 654 hectares com 35 lotes, sendo 19 para o setor hoteleiro, 5 para o setor de anima\u00e7\u00e3o, 10 para comercial e servi\u00e7os e 1 para o setor de eventos.<br><br>Nesta segunda etapa ser\u00e3o disponibilizados cinco lotes entre 3,3 e 18,85 hectares, sendo tr\u00eas deles para a instala\u00e7\u00e3o de hot\u00e9is e resorts, um para o setor de anima\u00e7\u00e3o (parque aqu\u00e1tico) e um para o setor de com\u00e9rcio e servi\u00e7os.<br><br>Atualmente o projeto j\u00e1 conta com o Centro de Conven\u00e7\u00f5es que j\u00e1 est\u00e1 em opera\u00e7\u00e3o. O equipamento possui mais de 48 mil m\u00b2 de \u00e1rea constru\u00edda e capacidade para receber 20 mil pessoas, simultaneamente, em seus quatro pr\u00e9dios principais, dentre os quais se destaca um dos mais modernos teatros do Brasil, com capacidade para 3 mil expectadores: o Teatro Pedra do Reino.<br><br>Ambientalmente sustent\u00e1vel, o Polo Tur\u00edstico situa-se entre o mar do litoral sul paraibano e o verde da Mata Atl\u00e2ntica, sendo abra\u00e7ado pela maior reserva ambiental de mata atl\u00e2ntica nativa, inserida na malha urbana, do Brasil: o Parque das Trilhas (575 ha).<br><br>Atrav\u00e9s deste Complexo Tur\u00edstico, o Governo do Estado trabalha para que a Para\u00edba se destaque n\u00e3o s\u00f3 no turismo cultural, de sol e praia, neg\u00f3cios e eventos, como tamb\u00e9m seja refer\u00eancia no turismo sustent\u00e1vel, apresentando ao turista a preocupa\u00e7\u00e3o com o meio ambiente, com a sociedade e a economia paraibana.<\/td>\n      <\/tr>\n   <\/tbody>\n<\/table>\n","protected":false},"excerpt":{"rendered":"<p>Edital e Inscri\u00e7\u00e3o Edital e Documentos Como se inscrever Apresenta\u00e7\u00e3o Confira dados sobre a 2\u00aa Etapa do Polo Tur\u00edstico Cabo Branco V\u00eddeos Polo Tur\u00edstico Cabo Branco \u2013 O Projeto Conhe\u00e7a a Para\u00edba Contato Envie email para contactar a equipe respons\u00e1vel pelo Polo Tur\u00edstico Cabo Branco (ditur@cinep.pb.gov.br) Outros idiomas English Espa\u00f1ol Fran\u00e7ais Deutsch O Governo do Estado, por meio da Companhia de Desenvolvimento da Para\u00edba \u2013 CINEP disponibiliza atrav\u00e9s de um<\/p>\n","protected":false},"author":7,"featured_media":0,"parent":0,"menu_order":0,"comment_status":"closed","ping_status":"closed","template":"","meta":{"ngg_post_thumbnail":0,"footnotes":""},"class_list":["entry","author-thaise","post-5517","page","type-page","status-publish"],"_links":{"self":[{"href":"http:\/\/www.cinep.pb.gov.br\/portal\/index.php?rest_route=\/wp\/v2\/pages\/5517","targetHints":{"allow":["GET"]}}],"collection":[{"href":"http:\/\/www.cinep.pb.gov.br\/portal\/index.php?rest_route=\/wp\/v2\/pages"}],"about":[{"href":"http:\/\/www.cinep.pb.gov.br\/portal\/index.php?rest_route=\/wp\/v2\/types\/page"}],"author":[{"embeddable":true,"href":"http:\/\/www.cinep.pb.gov.br\/portal\/index.php?rest_route=\/wp\/v2\/users\/7"}],"replies":[{"embeddable":true,"href":"http:\/\/www.cinep.pb.gov.br\/portal\/index.php?rest_route=%2Fwp%2Fv2%2Fcomments&post=5517"}],"version-history":[{"count":57,"href":"http:\/\/www.cinep.pb.gov.br\/portal\/index.php?rest_route=\/wp\/v2\/pages\/5517\/revisions"}],"predecessor-version":[{"id":5932,"href":"http:\/\/www.cinep.pb.gov.br\/portal\/index.php?rest_route=\/wp\/v2\/pages\/5517\/revisions\/5932"}],"wp:attachment":[{"href":"http:\/\/www.cinep.pb.gov.br\/portal\/index.php?rest_route=%2Fwp%2Fv2%2Fmedia&parent=5517"}],"curies":[{"name":"wp","href":"https:\/\/api.w.org\/{rel}","templated":true}]}}