{"id":5164,"date":"2019-12-06T10:38:07","date_gmt":"2019-12-06T13:38:07","guid":{"rendered":"http:\/\/www.cinep.pb.gov.br\/portal\/?page_id=5164"},"modified":"2020-02-21T11:45:46","modified_gmt":"2020-02-21T14:45:46","slug":"espanol","status":"publish","type":"page","link":"http:\/\/www.cinep.pb.gov.br\/portal\/?page_id=5164","title":{"rendered":"Espa\u00f1ol"},"content":{"rendered":"\n<table class=\"wp-block-table aligncenter\"><tbody><tr><td>Aviso y Registro<br> <ul> <li><a href=\"https:\/\/www.cinep.pb.gov.br\/portal\/?page_id=4274\">Aviso y Documentos<\/a><\/li> <li><a href=\"https:\/\/www.cinep.pb.gov.br\/portal\/wp-content\/uploads\/2020\/02\/Guia-de-Inscri\u00e7\u00e3o-Polo-Tur\u00edstico-Cabo-Branco.pdf\">Formul\u00e1rio de Inscripci\u00f3n<\/a><\/li> <\/ul> <br>Presentaci\u00f3n<br> <ul> <li><a rel=\"noopener\" href=\"https:\/\/www.cinep.pb.gov.br\/portal\/wp-content\/uploads\/2019\/12\/APRESENTA\u00c7\u00c3O-POLO-TUR\u00cdSTICO-CABO-BRANCO-NOVEMBRO-2019.pdf\" target=\"_blank\">Confiera\u00a0los\u00a0dados<\/a> sobre Polo Tur\u00edstico Cabo Branco<\/li> <\/ul> <br>Videos<br> <ul> <li><a rel=\"noopener\" href=\"https:\/\/www.youtube.com\/watch?v=8ALHyV8WVGo&amp;feature=youtu.be\" target=\"_blank\">Polo Tur\u00edstico Cabo Branco \u2013 El\u00a0proyecto<\/a><\/li> <li><a rel=\"noopener\" href=\"https:\/\/www.youtube.com\/watch?v=U2nMH6iq8uw\" target=\"_blank\">Polo Tur\u00edstico Cabo Branco &#8211; Lotes Ofrecidos<\/a><\/li> <li><a rel=\"noreferrer noopener\" aria-label=\" (abre em uma nova aba)\" href=\"https:\/\/www.youtube.com\/watch?v=Xrt1qcIvJUA\" target=\"_blank\">Conhece Para\u00edba<\/a><\/li> <\/ul> <br>Fotos<br> <ul> <li><a href=\"https:\/\/www.cinep.pb.gov.br\/portal\/?page_id=4315\">Ver fotos <\/a> del lanzamiento do aviso en Jo\u00e3o Pessoa<\/li> <li><a href=\"https:\/\/www.cinep.pb.gov.br\/portal\/?page_id=4394\">Ver fotos <\/a>de la presentaci\u00f3n de aviso en S\u00e3o Paulo<\/li> <\/ul> <br>Contacto<br> <ul> <li><a href=\"mailto:ditur@cinep.pb.gov.br?subject=Contato pelo site\">Envia un correo eletr\u00f3nico<\/a> para contactar al equiporesponsable del Polo Tur\u00edstico Cabo Branco (ditur@cinep.pb.gov.br)<\/li> <\/ul><\/td><td>\t \t \n    &nbsp;&nbsp;&nbsp;&nbsp;&nbsp;&nbsp;&nbsp;&nbsp;&nbsp;&nbsp;&nbsp;&nbsp;&nbsp;&nbsp;&nbsp;&nbsp;&nbsp;&nbsp;&nbsp;&nbsp;\t \t \n    <\/td><td><video width=\"800\" autoplay=\"autoplay\" loop=\"loop\" controls=\"controls\">        <source src=\"https:\/\/www.cinep.pb.gov.br\/portal\/wp-content\/uploads\/2019\/12\/POLO-CABO-BRANCO-\u00c1REAS.mp4\" type=\"video\/mp4\">        Your browser does not support the video tag.      <\/video> <br><br>El Gobierno de Para\u00edba, a trav\u00e9s de la Compa\u00f1\u00eda de Desarrollo de Para\u00edba &#8211; CINEP, est\u00e1 poniendo a disposici\u00f3n \u00e1reas para la implantaci\u00f3n de empresas en el segmento hotelero, en un \u00e1rea llamada Polo Tur\u00edstico Cabo Branco. Los lotes se ponen a disposici\u00f3n con <strong>subsidios de hasta el 90% en su adquisici\u00f3n,<\/strong> as\u00ed como incentivos fiscales del <strong>60% en la exenci\u00f3n de impuestos ISS\u00b9 e ICMS<\/strong> en adquisiciones para la implementaci\u00f3n de los emprendimientos\u00b2.<br>&nbsp;<br>El Polo Tur\u00edstico Cabo Branco, ubicado en una regi\u00f3n privilegiada de la orla mar\u00edtima de Jo\u00e3o Pessoa, tiene un \u00e1rea de 654 hect\u00e1reas, con lotes para el implantaci\u00f3n de los <strong>Resorts<\/strong> (19 lotes &#8211; 107 ha), <strong>sector de animaci\u00f3n \/ parque acu\u00e1tico<\/strong> (17 ha) y <strong>comercio y servicios<\/strong> (16 ha). Es el mayor complejo tur\u00edstico planificado en el noreste de Brasil.<br>&nbsp;<br>Actualmente el proyecto ya cuenta con el Centro de Convenciones que est\u00e1 en pleno funcionamiento. La instalaci\u00f3n tiene m\u00e1s de 48,000 m\u00b2 de \u00e1rea construida y capacidad para recibir <strong>20,000 personas<\/strong> simult\u00e1neamente en sus cuatro edificios principales, entre los cuales se destaca uno de los teatros m\u00e1s modernos de Brasil, con capacidad para <strong>3,000 espectadores<\/strong>: el Teatro Pedra do Reino<br>&nbsp;<br>Ecol\u00f3gicamente sostenible, el Polo Tur\u00edstico se encuentra entre el mar de la costa sur de Para\u00edba y el verde de la Mata Atl\u00e1ntica, siendo acogido por la mayor reserva ambiental de bosques nativos del Atl\u00e1ntico, insertada en el tejido urbano de Brasil: el Parque de Senderos (575 ha) .<br>&nbsp;<br>Adjunto, ponemos a disposici\u00f3n m\u00e1s informaciones sobre el Polo Tur\u00edstico de Cabo Branco y las condiciones imperdibles para aquellos que desean ser parte de este gran proyecto.<br>Tambi\u00e9n estamos disponibles para aclarar y presentar las \u00e1reas que est\u00e1n a disposici\u00f3n en esta primera etapa.<br>&nbsp;<br>\u00b9 Ver Ley n\u00ba 115\/2017 &#8211; Jo\u00e3o Pessoa &#8211; PB<br>\u00b2 Ver Decreto n\u00ba 39.436 \/ 2019 &#8211; Estado de Para\u00edba <br><br><a href=\"https:\/\/www.cinep.pb.gov.br\/portal\/wp-content\/uploads\/2019\/12\/POLO-CABO-BRANCO-VERSAO-EM-ESPANHOL.pdf\">Clic aqu\u00ed <\/a>para obtener m\u00e1s informaci\u00f3n sobre el proyecto.<\/td><\/tr><\/tbody><\/table>\n","protected":false},"excerpt":{"rendered":"<p>Aviso y Registro Aviso y Documentos Formul\u00e1rio de Inscripci\u00f3n Presentaci\u00f3n Confiera\u00a0los\u00a0dados sobre Polo Tur\u00edstico Cabo Branco Videos Polo Tur\u00edstico Cabo Branco \u2013 El\u00a0proyecto Polo Tur\u00edstico Cabo Branco &#8211; Lotes Ofrecidos Conhece Para\u00edba Fotos Ver fotos del lanzamiento do aviso en Jo\u00e3o Pessoa Ver fotos de la presentaci\u00f3n de aviso en S\u00e3o Paulo Contacto Envia un correo eletr\u00f3nico para contactar al equiporesponsable del Polo Tur\u00edstico Cabo Branco (ditur@cinep.pb.gov.br) &nbsp;&nbsp;&nbsp;&nbsp;&nbsp;&nbsp;&nbsp;&nbsp;&nbsp;&nbsp;&nbsp;&nbsp;&nbsp;&nbsp;&nbsp;&nbsp;&nbsp;&nbsp;&nbsp;&nbsp; Your browser<\/p>\n","protected":false},"author":1,"featured_media":0,"parent":0,"menu_order":0,"comment_status":"closed","ping_status":"closed","template":"","meta":{"ngg_post_thumbnail":0,"footnotes":""},"class_list":["entry","author-gertiadmin","post-5164","page","type-page","status-publish"],"_links":{"self":[{"href":"http:\/\/www.cinep.pb.gov.br\/portal\/index.php?rest_route=\/wp\/v2\/pages\/5164","targetHints":{"allow":["GET"]}}],"collection":[{"href":"http:\/\/www.cinep.pb.gov.br\/portal\/index.php?rest_route=\/wp\/v2\/pages"}],"about":[{"href":"http:\/\/www.cinep.pb.gov.br\/portal\/index.php?rest_route=\/wp\/v2\/types\/page"}],"author":[{"embeddable":true,"href":"http:\/\/www.cinep.pb.gov.br\/portal\/index.php?rest_route=\/wp\/v2\/users\/1"}],"replies":[{"embeddable":true,"href":"http:\/\/www.cinep.pb.gov.br\/portal\/index.php?rest_route=%2Fwp%2Fv2%2Fcomments&post=5164"}],"version-history":[{"count":6,"href":"http:\/\/www.cinep.pb.gov.br\/portal\/index.php?rest_route=\/wp\/v2\/pages\/5164\/revisions"}],"predecessor-version":[{"id":5416,"href":"http:\/\/www.cinep.pb.gov.br\/portal\/index.php?rest_route=\/wp\/v2\/pages\/5164\/revisions\/5416"}],"wp:attachment":[{"href":"http:\/\/www.cinep.pb.gov.br\/portal\/index.php?rest_route=%2Fwp%2Fv2%2Fmedia&parent=5164"}],"curies":[{"name":"wp","href":"https:\/\/api.w.org\/{rel}","templated":true}]}}