{"id":5162,"date":"2019-12-06T10:37:25","date_gmt":"2019-12-06T13:37:25","guid":{"rendered":"http:\/\/www.cinep.pb.gov.br\/portal\/?page_id=5162"},"modified":"2020-02-21T11:45:41","modified_gmt":"2020-02-21T14:45:41","slug":"english","status":"publish","type":"page","link":"http:\/\/www.cinep.pb.gov.br\/portal\/?page_id=5162","title":{"rendered":"English"},"content":{"rendered":"\n<table class=\"wp-block-table aligncenter\"><tbody><tr><td>Notice and registration<br> <ul> <li><a href=\"https:\/\/www.cinep.pb.gov.br\/portal\/?page_id=4274\">Notice and Documents<\/a><\/li> <li><a href=\"https:\/\/www.cinep.pb.gov.br\/portal\/wp-content\/uploads\/2020\/02\/Guia-de-Inscri\u00e7\u00e3o-Polo-Tur\u00edstico-Cabo-Branco.pdf\">Registration<\/a><\/li> <\/ul> <br>Presentation<br> <ul> <li><a rel=\"noreferrer noopener\" aria-label=\" (abre em uma nova aba)\" href=\"https:\/\/www.cinep.pb.gov.br\/portal\/wp-content\/uploads\/2019\/12\/APRESENTA\u00c7\u00c3O-POLO-TUR\u00cdSTICO-CABO-BRANCO-INGLES.pdf\" target=\"_blank\">Open data<\/a> about Cabo Branco Tourist Hub<\/li> <\/ul> <br>Videos<br> <ul> <ul> <ul><li><a rel=\"noopener\" href=\"https:\/\/www.youtube.com\/watch?v=8ALHyV8WVGo&amp;feature=youtu.be\" target=\"_blank\">Cabo Branco Tourist Hub &#8211; the project <\/a><\/li> <\/ul> <\/ul> <\/ul> <br> <ul> <li><a rel=\"noopener\" href=\"https:\/\/www.youtube.com\/watch?v=U2nMH6iq8uw\" target=\"_blank\"> Cabo Branco Tourist Hub &#8211; Lots Offered<\/a><\/li> <\/ul> <br> <ul> <li><a href=\"https:\/\/www.youtube.com\/watch?v=c0MWrhNZE1c&amp;t=26s\">The\u00a0Para\u00edba\u00a0State\u00a0&#8211;\u00a0K<\/a><a rel=\"noreferrer noopener\" aria-label=\"n (abre em uma nova aba)\" href=\"https:\/\/www.youtube.com\/watch?v=c0MWrhNZE1c&amp;t=25s\" target=\"_blank\">n<\/a><a rel=\"noreferrer noopener\" aria-label=\" (abre em uma nova aba)\" href=\"https:\/\/www.youtube.com\/watch?v=c0MWrhNZE1c&amp;t=26s\" target=\"_blank\">ow\u00a0more<\/a><\/li> <\/ul> <br>Photos<br> <ul> <li><a href=\"https:\/\/www.cinep.pb.gov.br\/portal\/?page_id=4315\">Check\u00a0pictures\u00a0<\/a>of launch event in Jo\u00e3o Pessoa<\/li> <li><a href=\"https:\/\/www.cinep.pb.gov.br\/portal\/?page_id=4394\">Check pictures <\/a>of presentation in S\u00e3oPaulo<\/li> <\/ul> <br>Contact<br> <ul> <li><a href=\"mailto:ditur@cinep.pb.gov.br?subject=Contato pelo site\">Send<\/a><\/li> an e-mail to contact responsible staff for the<\/ul> Cabo Banco Tourist Hub <ul>ditur@cinep.pb.gov.br<\/ul><\/td><td>\t \t \n    &nbsp;&nbsp;&nbsp;&nbsp;&nbsp;&nbsp;&nbsp;&nbsp;&nbsp;&nbsp;&nbsp;&nbsp;&nbsp;&nbsp;&nbsp;&nbsp;&nbsp;&nbsp;&nbsp;&nbsp;\t \t \n    <\/td><td><video width=\"800\" autoplay=\"autoplay\" loop=\"loop\" controls=\"controls\">        <source src=\"https:\/\/www.cinep.pb.gov.br\/portal\/wp-content\/uploads\/2019\/12\/POLO-CABO-BRANCO-\u00c1REAS.mp4\" type=\"video\/mp4\">        Your browser does not support the video tag.      <\/video> <br><br>The Government of Para\u00edba, through the Development Company of Para\u00edba &#8211; CINEP, is making areas available for the implementation of companies from the hotel segment, in an area named Cabo Banco Tourist Hub. The lots are being made available with <strong>subsidies of up to 90% in the acquisition<\/strong>, in addition totax incentives of<strong> 60% in the ISS\u00b9 and tax break of ICMS<\/strong>, on acquisitions to implement the enterprises\u00b2.<br>&nbsp;<br>The Cabo Banco Tourist Hub, located in a privileged region in the coast of Jo\u00e3o Pessoa, has an area of 654 hectares , with lots for the implementation of <strong>Resorts<\/strong> (19 lots &#8211; 107 ha), <strong>entertainment\/aquatic park <\/strong>(17 ha) and <strong>services and commerce <\/strong>(16 ha). It is the largest planned touristic complex in the Northeast of Brazil.<br>&nbsp;<br>Currently, the project already counts with the Convention Center that is in fully operation. It contains more than 48,000,000 m\u00b2 of built area and capacity to host 20 thousand people, simultaneously, in its four main buildings. Among the buildings, one stands out for being the most modern theaters of Brazil, with the capacity to host 3 thousand spectators: the Pedra do Reino Theater.<br>&nbsp;<br>Eco-friendly, the Cabo Banco Tourist Hub is located between the sea of the south coast big blue and the green of the Atlantic Forest of Para\u00edba, embraced by the largest environmental reserve of native Atlantic forest, inserted in the urban mesh of Brazil: the Parque das Trilhas &#8211; Trails Park (575 ha).<br>&nbsp;<br>Attached bellow, we provide more information about the Cabo Banco Tourist Hub and the amazing conditions for those who want to be part of this grand project.<br>&nbsp;<br>We are also available to clarify any information and to present the areas and lots that are being made available in this first stage.<br>&nbsp;<br>\u00b9 See Law n\u00ba 115\/2017 &#8211; Jo\u00e3o Pessoa &#8211; PB<br>\u00b2 See Decree n\u00aa 39,436\/2019 &#8212; State of Para\u00edba<br>&nbsp;<br>Click <strong><a rel=\"noreferrer noopener\" aria-label=\"here (abre em uma nova aba)\" href=\"https:\/\/www.cinep.pb.gov.br\/portal\/wp-content\/uploads\/2019\/12\/FOLDER-POLO-CABO-BRANCO-VERS\u00c3O-INGL\u00caS.pdf\" target=\"_blank\">here<\/a><\/strong> for more information about the project.<\/td><\/tr><\/tbody><\/table>\n","protected":false},"excerpt":{"rendered":"<p>Notice and registration Notice and Documents Registration Presentation Open data about Cabo Branco Tourist Hub Videos Cabo Branco Tourist Hub &#8211; the project Cabo Branco Tourist Hub &#8211; Lots Offered The\u00a0Para\u00edba\u00a0State\u00a0&#8211;\u00a0Know\u00a0more Photos Check\u00a0pictures\u00a0of launch event in Jo\u00e3o Pessoa Check pictures of presentation in S\u00e3oPaulo Contact Send an e-mail to contact responsible staff for the Cabo Banco Tourist Hub ditur@cinep.pb.gov.br &nbsp;&nbsp;&nbsp;&nbsp;&nbsp;&nbsp;&nbsp;&nbsp;&nbsp;&nbsp;&nbsp;&nbsp;&nbsp;&nbsp;&nbsp;&nbsp;&nbsp;&nbsp;&nbsp;&nbsp; Your browser does not support the video tag. The Government<\/p>\n","protected":false},"author":1,"featured_media":0,"parent":0,"menu_order":0,"comment_status":"closed","ping_status":"closed","template":"","meta":{"ngg_post_thumbnail":0,"footnotes":""},"class_list":["entry","author-gertiadmin","post-5162","page","type-page","status-publish"],"_links":{"self":[{"href":"http:\/\/www.cinep.pb.gov.br\/portal\/index.php?rest_route=\/wp\/v2\/pages\/5162","targetHints":{"allow":["GET"]}}],"collection":[{"href":"http:\/\/www.cinep.pb.gov.br\/portal\/index.php?rest_route=\/wp\/v2\/pages"}],"about":[{"href":"http:\/\/www.cinep.pb.gov.br\/portal\/index.php?rest_route=\/wp\/v2\/types\/page"}],"author":[{"embeddable":true,"href":"http:\/\/www.cinep.pb.gov.br\/portal\/index.php?rest_route=\/wp\/v2\/users\/1"}],"replies":[{"embeddable":true,"href":"http:\/\/www.cinep.pb.gov.br\/portal\/index.php?rest_route=%2Fwp%2Fv2%2Fcomments&post=5162"}],"version-history":[{"count":17,"href":"http:\/\/www.cinep.pb.gov.br\/portal\/index.php?rest_route=\/wp\/v2\/pages\/5162\/revisions"}],"predecessor-version":[{"id":5415,"href":"http:\/\/www.cinep.pb.gov.br\/portal\/index.php?rest_route=\/wp\/v2\/pages\/5162\/revisions\/5415"}],"wp:attachment":[{"href":"http:\/\/www.cinep.pb.gov.br\/portal\/index.php?rest_route=%2Fwp%2Fv2%2Fmedia&parent=5162"}],"curies":[{"name":"wp","href":"https:\/\/api.w.org\/{rel}","templated":true}]}}