{"id":294,"date":"2017-01-27T22:15:18","date_gmt":"2017-01-28T01:15:18","guid":{"rendered":"http:\/\/www.cinep.pb.gov.br\/portal\/?page_id=294"},"modified":"2017-08-30T13:38:26","modified_gmt":"2017-08-30T16:38:26","slug":"textil","status":"publish","type":"page","link":"http:\/\/www.cinep.pb.gov.br\/portal\/?page_id=294","title":{"rendered":"T\u00eaxtil"},"content":{"rendered":"<p style=\"text-align: center;\"><img loading=\"lazy\" decoding=\"async\" class=\"alignnone wp-image-212\" src=\"https:\/\/www.cinep.pb.gov.br\/portal\/wp-content\/uploads\/2017\/01\/polo-textil-300x180.jpg\" alt=\"\" width=\"490\" height=\"294\" srcset=\"http:\/\/www.cinep.pb.gov.br\/portal\/wp-content\/uploads\/2017\/01\/polo-textil-300x180.jpg 300w, http:\/\/www.cinep.pb.gov.br\/portal\/wp-content\/uploads\/2017\/01\/polo-textil.jpg 625w\" sizes=\"auto, (max-width: 490px) 100vw, 490px\" \/><\/p>\n<p style=\"text-align: justify;\">Uma das vertentes produtivas mais tradicionais da Para\u00edba \u00e9 a atividade t\u00eaxtil. Com a aquisi\u00e7\u00e3o e implementa\u00e7\u00e3o de unidades de beneficiamento de algod\u00e3o nos centros de converg\u00eancia do produto (1920), a agrega\u00e7\u00e3o de valor come\u00e7a a se diversificar uma vez que a &#8220;pluma&#8221; serviu de mat\u00e9ria-prima para a ind\u00fastria t\u00eaxtil, enquanto que o &#8220;caro\u00e7o&#8221; (semente) permitiu a produ\u00e7\u00e3o de \u00f3leo.<\/p>\n<p style=\"text-align: justify;\">A partir de 1950, alia-se \u00e0 ind\u00fastria t\u00eaxtil o processamento de sisal, dando ensejo a ind\u00fastria de cordoaria de sisal que tinha no mercado externo a sua principal meta. Estes dois segmentos produtivos passam a constituir a base da ind\u00fastria t\u00eaxtil da Para\u00edba que, desde ent\u00e3o, vem se modernizando radicalmente e crescendo de forma acelerada.<\/p>\n<p style=\"text-align: justify;\">De acordo com dados do Instituto Brasileiro de Geografia e Estat\u00edstica (IBGE), a Para\u00edba emprega aproximadamente 10 mil\u00a0pessoas na ind\u00fastria t\u00eaxtil, sendo o segundo maior empregador do setor na Regi\u00e3o Nordeste.<\/p>\n<p style=\"text-align: justify;\">Na compara\u00e7\u00e3o entre os \u00faltimos cinco anos levantados pelo IBGE (2008 a 2013), o n\u00famero de pessoas empregadas no setor subiu 20,58% na Para\u00edba, sendo o segundo maior crescimento da Regi\u00e3o Nordeste &#8211; a Bahia cresceu 25,78%. Dos nove estados nordestinos, cinco apresentaram redu\u00e7\u00e3o no n\u00famero de pessoas empregadas no setor t\u00eaxtil. Em todo o Pa\u00eds, ainda conforme o IBGE, uma queda de 1,56% foi registrada no per\u00edodo analisado.<\/p>\n<p style=\"text-align: justify;\">Suas atividades est\u00e3o concentradas na \u00e1rea metropolitana de Jo\u00e3o Pessoa, Campina Grande, Patos, Sousa e Cajazeiras. Destaca-se ainda a presen\u00e7a do Centro Nacional de Pesquisa Tecnol\u00f3gicas do Algod\u00e3o, vinculado a Empresa Brasileira de Pesquisa Agropecu\u00e1ria (EMBRAPA), onde foi desenvolvido o chamado Algod\u00e3o Colorido da Para\u00edba, cuja fibra j\u00e1 nasce com as colora\u00e7\u00f5es marrom e bege, al\u00e9m da tradicional branca.<\/p>\n","protected":false},"excerpt":{"rendered":"<p>Uma das vertentes produtivas mais tradicionais da Para\u00edba \u00e9 a atividade t\u00eaxtil. Com a aquisi\u00e7\u00e3o e implementa\u00e7\u00e3o de unidades de beneficiamento de algod\u00e3o nos centros de converg\u00eancia do produto (1920), a agrega\u00e7\u00e3o de valor come\u00e7a a se diversificar uma vez que a &#8220;pluma&#8221; serviu de mat\u00e9ria-prima para a ind\u00fastria t\u00eaxtil, enquanto que o &#8220;caro\u00e7o&#8221; (semente) permitiu a produ\u00e7\u00e3o de \u00f3leo. A partir de 1950, alia-se \u00e0 ind\u00fastria t\u00eaxtil o processamento<\/p>\n","protected":false},"author":2,"featured_media":212,"parent":251,"menu_order":0,"comment_status":"closed","ping_status":"closed","template":"","meta":{"ngg_post_thumbnail":0,"footnotes":""},"class_list":["entry","author-fabio","post-294","page","type-page","status-publish","has-post-thumbnail"],"_links":{"self":[{"href":"http:\/\/www.cinep.pb.gov.br\/portal\/index.php?rest_route=\/wp\/v2\/pages\/294","targetHints":{"allow":["GET"]}}],"collection":[{"href":"http:\/\/www.cinep.pb.gov.br\/portal\/index.php?rest_route=\/wp\/v2\/pages"}],"about":[{"href":"http:\/\/www.cinep.pb.gov.br\/portal\/index.php?rest_route=\/wp\/v2\/types\/page"}],"author":[{"embeddable":true,"href":"http:\/\/www.cinep.pb.gov.br\/portal\/index.php?rest_route=\/wp\/v2\/users\/2"}],"replies":[{"embeddable":true,"href":"http:\/\/www.cinep.pb.gov.br\/portal\/index.php?rest_route=%2Fwp%2Fv2%2Fcomments&post=294"}],"version-history":[{"count":4,"href":"http:\/\/www.cinep.pb.gov.br\/portal\/index.php?rest_route=\/wp\/v2\/pages\/294\/revisions"}],"predecessor-version":[{"id":3474,"href":"http:\/\/www.cinep.pb.gov.br\/portal\/index.php?rest_route=\/wp\/v2\/pages\/294\/revisions\/3474"}],"up":[{"embeddable":true,"href":"http:\/\/www.cinep.pb.gov.br\/portal\/index.php?rest_route=\/wp\/v2\/pages\/251"}],"wp:featuredmedia":[{"embeddable":true,"href":"http:\/\/www.cinep.pb.gov.br\/portal\/index.php?rest_route=\/wp\/v2\/media\/212"}],"wp:attachment":[{"href":"http:\/\/www.cinep.pb.gov.br\/portal\/index.php?rest_route=%2Fwp%2Fv2%2Fmedia&parent=294"}],"curies":[{"name":"wp","href":"https:\/\/api.w.org\/{rel}","templated":true}]}}