{"id":273,"date":"2017-01-27T22:04:11","date_gmt":"2017-01-28T01:04:11","guid":{"rendered":"http:\/\/www.cinep.pb.gov.br\/portal\/?page_id=273"},"modified":"2019-04-23T15:22:08","modified_gmt":"2019-04-23T18:22:08","slug":"perfil-competitivo","status":"publish","type":"page","link":"http:\/\/www.cinep.pb.gov.br\/portal\/?page_id=273","title":{"rendered":"Perfil Competitivo"},"content":{"rendered":"<p><strong>Localiza\u00e7\u00e3o Estrat\u00e9gica<\/strong><\/p>\n<p>A Para\u00edba est\u00e1 situada no ponto mais oriental das Am\u00e9ricas, o que facilita a intera\u00e7\u00e3o com os principais polos econ\u00f4micos do Brasil e do mundo. O estado est\u00e1 estrategicamente posicionado no centro da regi\u00e3o Nordeste, em um raio de 800 km das principais capitais da regi\u00e3o. Esta localiza\u00e7\u00e3o beneficia in\u00fameros aspectos dos neg\u00f3cios, desde a distribui\u00e7\u00e3o e venda de materiais para estados do Norte e Nordeste do Brasil at\u00e9 a exporta\u00e7\u00e3o e importa\u00e7\u00e3o de qualquer parte do mundo.<\/p>\n<p><img loading=\"lazy\" decoding=\"async\" class=\"alignnone size-full wp-image-4147\" src=\"https:\/\/www.cinep.pb.gov.br\/portal\/wp-content\/uploads\/2019\/04\/LOCALIZA\u00c7\u00c3O-1.png\" alt=\"\" width=\"1076\" height=\"558\" srcset=\"http:\/\/www.cinep.pb.gov.br\/portal\/wp-content\/uploads\/2019\/04\/LOCALIZA\u00c7\u00c3O-1.png 1076w, http:\/\/www.cinep.pb.gov.br\/portal\/wp-content\/uploads\/2019\/04\/LOCALIZA\u00c7\u00c3O-1-300x156.png 300w, http:\/\/www.cinep.pb.gov.br\/portal\/wp-content\/uploads\/2019\/04\/LOCALIZA\u00c7\u00c3O-1-768x398.png 768w, http:\/\/www.cinep.pb.gov.br\/portal\/wp-content\/uploads\/2019\/04\/LOCALIZA\u00c7\u00c3O-1-1024x531.png 1024w\" sizes=\"auto, (max-width: 1076px) 100vw, 1076px\" \/><\/p>\n<p><strong>Ind\u00fastria<\/strong><\/p>\n<p>&#8211; A Para\u00edba \u00e9 o segundo maior produtor e exportador de cal\u00e7ados do Brasil. S\u00e3o produzidos aproximadamente 200 milh\u00f5es de pares por ano no estado.<\/p>\n<p>&#8211; Segundo maior empregador do Nordeste no setor t\u00eaxtil, com cerca de 10 mil pessoas ocupadas.<\/p>\n<p>&#8211; Com um solo rico em calc\u00e1rio, a Para\u00edba \u00e9 um dos maiores produtores de cimento do Brasil, com quatro f\u00e1bricas em atividade.<\/p>\n<p>&#8211; O Governo do Estado oferece incentivos competitivos para a instala\u00e7\u00e3o de industrias.<\/p>\n<p><strong>Infraestrutura<\/strong><\/p>\n<p><strong>&#8211;<\/strong>\u00a0Foram investidos mais de R$ 1,5 bilh\u00e3o para construir ou reformar aproximadamente 2,6 mil quil\u00f4metros de estradas, garantindo que todas as cidades do Estado estejam interligadas com asfalto. As obras no setor de infraestrutura continuam.<\/p>\n<p><img loading=\"lazy\" decoding=\"async\" class=\"alignnone size-full wp-image-4138\" src=\"https:\/\/www.cinep.pb.gov.br\/portal\/wp-content\/uploads\/2019\/04\/pb-306-princesa-isabel-e-tavares-foto-francisco-fran\u00e7a-secom-pb_0684.jpg\" alt=\"\" width=\"4163\" height=\"2309\" srcset=\"http:\/\/www.cinep.pb.gov.br\/portal\/wp-content\/uploads\/2019\/04\/pb-306-princesa-isabel-e-tavares-foto-francisco-fran\u00e7a-secom-pb_0684.jpg 4163w, http:\/\/www.cinep.pb.gov.br\/portal\/wp-content\/uploads\/2019\/04\/pb-306-princesa-isabel-e-tavares-foto-francisco-fran\u00e7a-secom-pb_0684-300x166.jpg 300w, http:\/\/www.cinep.pb.gov.br\/portal\/wp-content\/uploads\/2019\/04\/pb-306-princesa-isabel-e-tavares-foto-francisco-fran\u00e7a-secom-pb_0684-768x426.jpg 768w, http:\/\/www.cinep.pb.gov.br\/portal\/wp-content\/uploads\/2019\/04\/pb-306-princesa-isabel-e-tavares-foto-francisco-fran\u00e7a-secom-pb_0684-1024x568.jpg 1024w\" sizes=\"auto, (max-width: 4163px) 100vw, 4163px\" \/><\/p>\n<p><strong>&#8211;<\/strong>\u00a0A Para\u00edba\u00a0j\u00e1 recebe as \u00e1guas do Rio S\u00e3o Francisco, e o Governo do Estado promoveu R$ 1,1 bilh\u00e3o em investimentos para construir 1,5 mil quil\u00f4metros de novas adutoras e o Canal Acau\u00e3-Ara\u00e7agi. \u00a0As obras garantem seguran\u00e7a h\u00eddrica para todas as regi\u00f5es do estado.<\/p>\n<p>&#8211; O Governo do Estado j\u00e1 implantou uma rede de 500 km de fibra \u00f3tica entre Jo\u00e3o Pessoa e Campina Grande. Esse projeto continua, com o objetivo de interligar todas as regi\u00f5es do estado, melhorando a capacidade de transmiss\u00e3o de dados\u00a0atrav\u00e9s de mais 2 mil quil\u00f4metros de cabeamento \u00f3tico.<\/p>\n<p>&#8211; O estado possui ampla voca\u00e7\u00e3o para instala\u00e7\u00e3o de empreendimentos ligados \u00e0 \u00e1rea de energias limpas, como e\u00f3lica e solar, uma vez que a Para\u00edba possui o maior \u00edndice solarim\u00e9trico do Brasil.<\/p>\n","protected":false},"excerpt":{"rendered":"<p>Localiza\u00e7\u00e3o Estrat\u00e9gica A Para\u00edba est\u00e1 situada no ponto mais oriental das Am\u00e9ricas, o que facilita a intera\u00e7\u00e3o com os principais polos econ\u00f4micos do Brasil e do mundo. O estado est\u00e1 estrategicamente posicionado no centro da regi\u00e3o Nordeste, em um raio de 800 km das principais capitais da regi\u00e3o. Esta localiza\u00e7\u00e3o beneficia in\u00fameros aspectos dos neg\u00f3cios, desde a distribui\u00e7\u00e3o e venda de materiais para estados do Norte e Nordeste do Brasil<\/p>\n","protected":false},"author":2,"featured_media":207,"parent":244,"menu_order":0,"comment_status":"closed","ping_status":"closed","template":"","meta":{"ngg_post_thumbnail":0,"footnotes":""},"class_list":["entry","author-fabio","post-273","page","type-page","status-publish","has-post-thumbnail"],"_links":{"self":[{"href":"http:\/\/www.cinep.pb.gov.br\/portal\/index.php?rest_route=\/wp\/v2\/pages\/273","targetHints":{"allow":["GET"]}}],"collection":[{"href":"http:\/\/www.cinep.pb.gov.br\/portal\/index.php?rest_route=\/wp\/v2\/pages"}],"about":[{"href":"http:\/\/www.cinep.pb.gov.br\/portal\/index.php?rest_route=\/wp\/v2\/types\/page"}],"author":[{"embeddable":true,"href":"http:\/\/www.cinep.pb.gov.br\/portal\/index.php?rest_route=\/wp\/v2\/users\/2"}],"replies":[{"embeddable":true,"href":"http:\/\/www.cinep.pb.gov.br\/portal\/index.php?rest_route=%2Fwp%2Fv2%2Fcomments&post=273"}],"version-history":[{"count":13,"href":"http:\/\/www.cinep.pb.gov.br\/portal\/index.php?rest_route=\/wp\/v2\/pages\/273\/revisions"}],"predecessor-version":[{"id":4149,"href":"http:\/\/www.cinep.pb.gov.br\/portal\/index.php?rest_route=\/wp\/v2\/pages\/273\/revisions\/4149"}],"up":[{"embeddable":true,"href":"http:\/\/www.cinep.pb.gov.br\/portal\/index.php?rest_route=\/wp\/v2\/pages\/244"}],"wp:featuredmedia":[{"embeddable":true,"href":"http:\/\/www.cinep.pb.gov.br\/portal\/index.php?rest_route=\/wp\/v2\/media\/207"}],"wp:attachment":[{"href":"http:\/\/www.cinep.pb.gov.br\/portal\/index.php?rest_route=%2Fwp%2Fv2%2Fmedia&parent=273"}],"curies":[{"name":"wp","href":"https:\/\/api.w.org\/{rel}","templated":true}]}}